{"id":15220,"date":"2023-04-13T15:26:47","date_gmt":"2023-04-13T15:26:47","guid":{"rendered":"https:\/\/www.riftrust.com\/outil-dacces-aux-pays\/"},"modified":"2023-08-24T08:50:13","modified_gmt":"2023-08-24T08:50:13","slug":"outil-dacces-aux-pays","status":"publish","type":"page","link":"https:\/\/www.riftrust.com\/fr\/outil-dacces-aux-pays\/","title":{"rendered":"Outil d&rsquo;acc\u00e8s aux pays"},"content":{"rendered":"<p>Alors que le nombre de programmes de citoyennet\u00e9 continue d&rsquo;augmenter, est-il plus important d&rsquo;identifier l&rsquo;acc\u00e8s unique aux pays sans visa d&rsquo;un passeport particulier par rapport \u00e0 un autre passeport plut\u00f4t que de se limiter au nombre total de pays sans visa ?<\/p>\n<p>Cet outil vous aidera \u00e0 d\u00e9terminer les pays uniques exempt\u00e9s de visa lorsque vous comparez deux programmes similaires et \u00e0 d\u00e9terminer si le programme que vous choisissez comprend tous les pays exempt\u00e9s de visa qui sont importants pour vous.<\/p>\n","protected":false},"excerpt":{"rendered":"<p>Alors que le nombre de programmes de citoyennet\u00e9 continue d&rsquo;augmenter, est-il plus important d&rsquo;identifier l&rsquo;acc\u00e8s unique aux pays sans visa d&rsquo;un passeport particulier par rapport \u00e0 un autre passeport plut\u00f4t que de se limiter au nombre total de pays sans visa ? Cet outil vous aidera \u00e0 d\u00e9terminer les pays uniques exempt\u00e9s de visa lorsque [&hellip;]<\/p>\n","protected":false},"author":11,"featured_media":0,"parent":0,"menu_order":0,"comment_status":"closed","ping_status":"closed","template":"template-country-access-tool.php","meta":{"_acf_changed":false,"footnotes":"","_wp_rev_ctl_limit":""},"class_list":["post-15220","page","type-page","status-publish","hentry"],"acf":[],"yoast_head":"<!-- This site is optimized with the Yoast SEO Premium plugin v23.4 (Yoast SEO v27.4) - https:\/\/yoast.com\/product\/yoast-seo-premium-wordpress\/ -->\n<title>Outil d&#039;acc\u00e8s aux pays - RIF Trust<\/title>\n<meta name=\"description\" content=\"Notre outil d&#039;acc\u00e8s aux pays couvre les pays proposant des programmes de citoyennet\u00e9 par l&#039;investissement. Comparez-les sur les pays sans visa.\" \/>\n<meta name=\"robots\" content=\"index, follow, max-snippet:-1, max-image-preview:large, max-video-preview:-1\" \/>\n<link rel=\"canonical\" href=\"https:\/\/www.riftrust.com\/fr\/outil-dacces-aux-pays\/\" \/>\n<meta property=\"og:locale\" content=\"fr_FR\" \/>\n<meta property=\"og:type\" content=\"article\" \/>\n<meta property=\"og:title\" content=\"Outil d&#039;acc\u00e8s aux pays\" \/>\n<meta property=\"og:description\" content=\"Notre outil d&#039;acc\u00e8s aux pays couvre les pays proposant des programmes de citoyennet\u00e9 par l&#039;investissement. Comparez-les sur les pays sans visa.\" \/>\n<meta property=\"og:url\" content=\"https:\/\/www.riftrust.com\/fr\/outil-dacces-aux-pays\/\" \/>\n<meta property=\"og:site_name\" content=\"RIF Trust\" \/>\n<meta property=\"article:publisher\" content=\"https:\/\/www.facebook.com\/riftrustllc\/\" \/>\n<meta property=\"article:modified_time\" content=\"2023-08-24T08:50:13+00:00\" \/>\n<meta name=\"twitter:card\" content=\"summary_large_image\" \/>\n<meta name=\"twitter:site\" content=\"@rif_trust\" \/>\n<script type=\"application\/ld+json\" class=\"yoast-schema-graph\">{\"@context\":\"https:\\\/\\\/schema.org\",\"@graph\":[{\"@type\":\"WebPage\",\"@id\":\"https:\\\/\\\/www.riftrust.com\\\/fr\\\/outil-dacces-aux-pays\\\/\",\"url\":\"https:\\\/\\\/www.riftrust.com\\\/fr\\\/outil-dacces-aux-pays\\\/\",\"name\":\"Outil d'acc\u00e8s aux pays - RIF Trust\",\"isPartOf\":{\"@id\":\"https:\\\/\\\/www.riftrust.com\\\/fr\\\/#website\"},\"datePublished\":\"2023-04-13T15:26:47+00:00\",\"dateModified\":\"2023-08-24T08:50:13+00:00\",\"description\":\"Notre outil d'acc\u00e8s aux pays couvre les pays proposant des programmes de citoyennet\u00e9 par l'investissement. Comparez-les sur les pays sans visa.\",\"breadcrumb\":{\"@id\":\"https:\\\/\\\/www.riftrust.com\\\/fr\\\/outil-dacces-aux-pays\\\/#breadcrumb\"},\"inLanguage\":\"fr-FR\",\"potentialAction\":[{\"@type\":\"ReadAction\",\"target\":[\"https:\\\/\\\/www.riftrust.com\\\/fr\\\/outil-dacces-aux-pays\\\/\"]}]},{\"@type\":\"BreadcrumbList\",\"@id\":\"https:\\\/\\\/www.riftrust.com\\\/fr\\\/outil-dacces-aux-pays\\\/#breadcrumb\",\"itemListElement\":[{\"@type\":\"ListItem\",\"position\":1,\"name\":\"Home\",\"item\":\"https:\\\/\\\/www.riftrust.com\\\/fr\\\/accueil\\\/\"},{\"@type\":\"ListItem\",\"position\":2,\"name\":\"Outil d&#8217;acc\u00e8s aux pays\"}]},{\"@type\":\"WebSite\",\"@id\":\"https:\\\/\\\/www.riftrust.com\\\/fr\\\/#website\",\"url\":\"https:\\\/\\\/www.riftrust.com\\\/fr\\\/\",\"name\":\"RIF Trust\",\"description\":\"Residency and Citizenship by investment\",\"publisher\":{\"@id\":\"https:\\\/\\\/www.riftrust.com\\\/fr\\\/#organization\"},\"potentialAction\":[{\"@type\":\"SearchAction\",\"target\":{\"@type\":\"EntryPoint\",\"urlTemplate\":\"https:\\\/\\\/www.riftrust.com\\\/fr\\\/?s={search_term_string}\"},\"query-input\":{\"@type\":\"PropertyValueSpecification\",\"valueRequired\":true,\"valueName\":\"search_term_string\"}}],\"inLanguage\":\"fr-FR\"},{\"@type\":\"Organization\",\"@id\":\"https:\\\/\\\/www.riftrust.com\\\/fr\\\/#organization\",\"name\":\"RIF Trust\",\"url\":\"https:\\\/\\\/www.riftrust.com\\\/fr\\\/\",\"logo\":{\"@type\":\"ImageObject\",\"inLanguage\":\"fr-FR\",\"@id\":\"https:\\\/\\\/www.riftrust.com\\\/fr\\\/#\\\/schema\\\/logo\\\/image\\\/\",\"url\":\"https:\\\/\\\/www.riftrust.com\\\/wp-content\\\/uploads\\\/2023\\\/05\\\/riftrust-logo.png\",\"contentUrl\":\"https:\\\/\\\/www.riftrust.com\\\/wp-content\\\/uploads\\\/2023\\\/05\\\/riftrust-logo.png\",\"width\":500,\"height\":294,\"caption\":\"RIF Trust\"},\"image\":{\"@id\":\"https:\\\/\\\/www.riftrust.com\\\/fr\\\/#\\\/schema\\\/logo\\\/image\\\/\"},\"sameAs\":[\"https:\\\/\\\/www.facebook.com\\\/riftrustllc\\\/\",\"https:\\\/\\\/x.com\\\/rif_trust\",\"https:\\\/\\\/www.instagram.com\\\/riftrust_citizenship\\\/\"]}]}<\/script>\n<!-- \/ Yoast SEO Premium plugin. -->","yoast_head_json":{"title":"Outil d'acc\u00e8s aux pays - RIF Trust","description":"Notre outil d'acc\u00e8s aux pays couvre les pays proposant des programmes de citoyennet\u00e9 par l'investissement. Comparez-les sur les pays sans visa.","robots":{"index":"index","follow":"follow","max-snippet":"max-snippet:-1","max-image-preview":"max-image-preview:large","max-video-preview":"max-video-preview:-1"},"canonical":"https:\/\/www.riftrust.com\/fr\/outil-dacces-aux-pays\/","og_locale":"fr_FR","og_type":"article","og_title":"Outil d'acc\u00e8s aux pays","og_description":"Notre outil d'acc\u00e8s aux pays couvre les pays proposant des programmes de citoyennet\u00e9 par l'investissement. Comparez-les sur les pays sans visa.","og_url":"https:\/\/www.riftrust.com\/fr\/outil-dacces-aux-pays\/","og_site_name":"RIF Trust","article_publisher":"https:\/\/www.facebook.com\/riftrustllc\/","article_modified_time":"2023-08-24T08:50:13+00:00","twitter_card":"summary_large_image","twitter_site":"@rif_trust","schema":{"@context":"https:\/\/schema.org","@graph":[{"@type":"WebPage","@id":"https:\/\/www.riftrust.com\/fr\/outil-dacces-aux-pays\/","url":"https:\/\/www.riftrust.com\/fr\/outil-dacces-aux-pays\/","name":"Outil d'acc\u00e8s aux pays - RIF Trust","isPartOf":{"@id":"https:\/\/www.riftrust.com\/fr\/#website"},"datePublished":"2023-04-13T15:26:47+00:00","dateModified":"2023-08-24T08:50:13+00:00","description":"Notre outil d'acc\u00e8s aux pays couvre les pays proposant des programmes de citoyennet\u00e9 par l'investissement. Comparez-les sur les pays sans visa.","breadcrumb":{"@id":"https:\/\/www.riftrust.com\/fr\/outil-dacces-aux-pays\/#breadcrumb"},"inLanguage":"fr-FR","potentialAction":[{"@type":"ReadAction","target":["https:\/\/www.riftrust.com\/fr\/outil-dacces-aux-pays\/"]}]},{"@type":"BreadcrumbList","@id":"https:\/\/www.riftrust.com\/fr\/outil-dacces-aux-pays\/#breadcrumb","itemListElement":[{"@type":"ListItem","position":1,"name":"Home","item":"https:\/\/www.riftrust.com\/fr\/accueil\/"},{"@type":"ListItem","position":2,"name":"Outil d&#8217;acc\u00e8s aux pays"}]},{"@type":"WebSite","@id":"https:\/\/www.riftrust.com\/fr\/#website","url":"https:\/\/www.riftrust.com\/fr\/","name":"RIF Trust","description":"Residency and Citizenship by investment","publisher":{"@id":"https:\/\/www.riftrust.com\/fr\/#organization"},"potentialAction":[{"@type":"SearchAction","target":{"@type":"EntryPoint","urlTemplate":"https:\/\/www.riftrust.com\/fr\/?s={search_term_string}"},"query-input":{"@type":"PropertyValueSpecification","valueRequired":true,"valueName":"search_term_string"}}],"inLanguage":"fr-FR"},{"@type":"Organization","@id":"https:\/\/www.riftrust.com\/fr\/#organization","name":"RIF Trust","url":"https:\/\/www.riftrust.com\/fr\/","logo":{"@type":"ImageObject","inLanguage":"fr-FR","@id":"https:\/\/www.riftrust.com\/fr\/#\/schema\/logo\/image\/","url":"https:\/\/www.riftrust.com\/wp-content\/uploads\/2023\/05\/riftrust-logo.png","contentUrl":"https:\/\/www.riftrust.com\/wp-content\/uploads\/2023\/05\/riftrust-logo.png","width":500,"height":294,"caption":"RIF Trust"},"image":{"@id":"https:\/\/www.riftrust.com\/fr\/#\/schema\/logo\/image\/"},"sameAs":["https:\/\/www.facebook.com\/riftrustllc\/","https:\/\/x.com\/rif_trust","https:\/\/www.instagram.com\/riftrust_citizenship\/"]}]}},"_links":{"self":[{"href":"https:\/\/www.riftrust.com\/fr\/wp-json\/wp\/v2\/pages\/15220","targetHints":{"allow":["GET"]}}],"collection":[{"href":"https:\/\/www.riftrust.com\/fr\/wp-json\/wp\/v2\/pages"}],"about":[{"href":"https:\/\/www.riftrust.com\/fr\/wp-json\/wp\/v2\/types\/page"}],"author":[{"embeddable":true,"href":"https:\/\/www.riftrust.com\/fr\/wp-json\/wp\/v2\/users\/11"}],"replies":[{"embeddable":true,"href":"https:\/\/www.riftrust.com\/fr\/wp-json\/wp\/v2\/comments?post=15220"}],"version-history":[{"count":0,"href":"https:\/\/www.riftrust.com\/fr\/wp-json\/wp\/v2\/pages\/15220\/revisions"}],"wp:attachment":[{"href":"https:\/\/www.riftrust.com\/fr\/wp-json\/wp\/v2\/media?parent=15220"}],"curies":[{"name":"wp","href":"https:\/\/api.w.org\/{rel}","templated":true}]}}