{"id":15328,"date":"2023-03-17T11:16:18","date_gmt":"2023-03-17T11:16:18","guid":{"rendered":"https:\/\/www.riftrust.com\/residence-par-investissement\/grece\/"},"modified":"2024-10-17T15:34:10","modified_gmt":"2024-10-17T15:34:10","slug":"grece","status":"publish","type":"page","link":"https:\/\/www.riftrust.com\/fr\/residence-par-investissement\/grece\/","title":{"rendered":"Gr\u00e8ce"},"content":{"rendered":"","protected":false},"excerpt":{"rendered":"","protected":false},"author":11,"featured_media":0,"parent":15270,"menu_order":0,"comment_status":"closed","ping_status":"closed","template":"template-citizenship-child-pages.php","meta":{"_acf_changed":false,"footnotes":"","_wp_rev_ctl_limit":""},"class_list":["post-15328","page","type-page","status-publish","hentry"],"acf":[],"yoast_head":"<!-- This site is optimized with the Yoast SEO Premium plugin v23.4 (Yoast SEO v27.3) - https:\/\/yoast.com\/product\/yoast-seo-premium-wordpress\/ -->\n<title>Gr\u00e8ce Visa d&#039;or - Gr\u00e8ce R\u00e9sidence - RIF Trust.<\/title>\n<meta name=\"description\" content=\"D\u00e9couvrez les avantages du Golden Visa pour la Gr\u00e8ce avec RIF Trust. Apprenez comment devenir \u00e9ligible pour ce visa RBI en Gr\u00e8ce.\" \/>\n<meta name=\"robots\" content=\"index, follow, max-snippet:-1, max-image-preview:large, max-video-preview:-1\" \/>\n<link rel=\"canonical\" href=\"https:\/\/www.riftrust.com\/fr\/residence-par-investissement\/grece\/\" \/>\n<meta property=\"og:locale\" content=\"fr_FR\" \/>\n<meta property=\"og:type\" content=\"article\" \/>\n<meta property=\"og:title\" content=\"Visa d&#039;or pour la Gr\u00e8ce : Comment commencer\" \/>\n<meta property=\"og:description\" content=\"Le processus de demande de visa d&#039;or pour la Gr\u00e8ce se fait sans effort ! Laissez notre \u00e9quipe exp\u00e9riment\u00e9e vous aider \u00e0 soumettre tous les documents n\u00e9cessaires et vous guider tout au long du processus jusqu&#039;\u00e0 l&#039;approbation.\" \/>\n<meta property=\"og:url\" content=\"https:\/\/www.riftrust.com\/fr\/residence-par-investissement\/grece\/\" \/>\n<meta property=\"og:site_name\" content=\"RIF Trust\" \/>\n<meta property=\"article:publisher\" content=\"https:\/\/www.facebook.com\/riftrustllc\/\" \/>\n<meta property=\"article:modified_time\" content=\"2024-10-17T15:34:10+00:00\" \/>\n<meta property=\"og:image\" content=\"https:\/\/www.riftrust.com\/wp-content\/uploads\/2023\/04\/shutterstock_1445550260-1-1024x587.jpg\" \/>\n<meta name=\"twitter:card\" content=\"summary_large_image\" \/>\n<meta name=\"twitter:title\" content=\"Visa d&#039;or pour la Gr\u00e8ce : Comment commencer\" \/>\n<meta name=\"twitter:description\" content=\"Le processus de demande de visa d&#039;or pour la Gr\u00e8ce se fait sans effort ! Laissez notre \u00e9quipe exp\u00e9riment\u00e9e vous aider \u00e0 soumettre tous les documents n\u00e9cessaires et vous guider tout au long du processus jusqu&#039;\u00e0 l&#039;approbation.\" \/>\n<meta name=\"twitter:image\" content=\"https:\/\/www.riftrust.com\/wp-content\/uploads\/2023\/04\/shutterstock_1445550260-1024x587.jpg\" \/>\n<meta name=\"twitter:site\" content=\"@rif_trust\" \/>\n<script type=\"application\/ld+json\" class=\"yoast-schema-graph\">{\"@context\":\"https:\\\/\\\/schema.org\",\"@graph\":[{\"@type\":\"WebPage\",\"@id\":\"https:\\\/\\\/www.riftrust.com\\\/fr\\\/residence-par-investissement\\\/grece\\\/\",\"url\":\"https:\\\/\\\/www.riftrust.com\\\/fr\\\/residence-par-investissement\\\/grece\\\/\",\"name\":\"Gr\u00e8ce Visa d'or - Gr\u00e8ce R\u00e9sidence - RIF Trust.\",\"isPartOf\":{\"@id\":\"https:\\\/\\\/www.riftrust.com\\\/fr\\\/#website\"},\"datePublished\":\"2023-03-17T11:16:18+00:00\",\"dateModified\":\"2024-10-17T15:34:10+00:00\",\"description\":\"D\u00e9couvrez les avantages du Golden Visa pour la Gr\u00e8ce avec RIF Trust. Apprenez comment devenir \u00e9ligible pour ce visa RBI en Gr\u00e8ce.\",\"breadcrumb\":{\"@id\":\"https:\\\/\\\/www.riftrust.com\\\/fr\\\/residence-par-investissement\\\/grece\\\/#breadcrumb\"},\"inLanguage\":\"fr-FR\",\"potentialAction\":[{\"@type\":\"ReadAction\",\"target\":[\"https:\\\/\\\/www.riftrust.com\\\/fr\\\/residence-par-investissement\\\/grece\\\/\"]}]},{\"@type\":\"BreadcrumbList\",\"@id\":\"https:\\\/\\\/www.riftrust.com\\\/fr\\\/residence-par-investissement\\\/grece\\\/#breadcrumb\",\"itemListElement\":[{\"@type\":\"ListItem\",\"position\":1,\"name\":\"Home\",\"item\":\"https:\\\/\\\/www.riftrust.com\\\/fr\\\/accueil\\\/\"},{\"@type\":\"ListItem\",\"position\":2,\"name\":\"R\u00e9sidence par investissement\",\"item\":\"https:\\\/\\\/www.riftrust.com\\\/fr\\\/residence-par-investissement\\\/\"},{\"@type\":\"ListItem\",\"position\":3,\"name\":\"Gr\u00e8ce\"}]},{\"@type\":\"WebSite\",\"@id\":\"https:\\\/\\\/www.riftrust.com\\\/fr\\\/#website\",\"url\":\"https:\\\/\\\/www.riftrust.com\\\/fr\\\/\",\"name\":\"RIF Trust\",\"description\":\"Residency and Citizenship by investment\",\"publisher\":{\"@id\":\"https:\\\/\\\/www.riftrust.com\\\/fr\\\/#organization\"},\"potentialAction\":[{\"@type\":\"SearchAction\",\"target\":{\"@type\":\"EntryPoint\",\"urlTemplate\":\"https:\\\/\\\/www.riftrust.com\\\/fr\\\/?s={search_term_string}\"},\"query-input\":{\"@type\":\"PropertyValueSpecification\",\"valueRequired\":true,\"valueName\":\"search_term_string\"}}],\"inLanguage\":\"fr-FR\"},{\"@type\":\"Organization\",\"@id\":\"https:\\\/\\\/www.riftrust.com\\\/fr\\\/#organization\",\"name\":\"RIF Trust\",\"url\":\"https:\\\/\\\/www.riftrust.com\\\/fr\\\/\",\"logo\":{\"@type\":\"ImageObject\",\"inLanguage\":\"fr-FR\",\"@id\":\"https:\\\/\\\/www.riftrust.com\\\/fr\\\/#\\\/schema\\\/logo\\\/image\\\/\",\"url\":\"https:\\\/\\\/www.riftrust.com\\\/wp-content\\\/uploads\\\/2023\\\/05\\\/riftrust-logo.png\",\"contentUrl\":\"https:\\\/\\\/www.riftrust.com\\\/wp-content\\\/uploads\\\/2023\\\/05\\\/riftrust-logo.png\",\"width\":500,\"height\":294,\"caption\":\"RIF Trust\"},\"image\":{\"@id\":\"https:\\\/\\\/www.riftrust.com\\\/fr\\\/#\\\/schema\\\/logo\\\/image\\\/\"},\"sameAs\":[\"https:\\\/\\\/www.facebook.com\\\/riftrustllc\\\/\",\"https:\\\/\\\/x.com\\\/rif_trust\",\"https:\\\/\\\/www.instagram.com\\\/riftrust_citizenship\\\/\"]}]}<\/script>\n<!-- \/ Yoast SEO Premium plugin. -->","yoast_head_json":{"title":"Gr\u00e8ce Visa d'or - Gr\u00e8ce R\u00e9sidence - RIF Trust.","description":"D\u00e9couvrez les avantages du Golden Visa pour la Gr\u00e8ce avec RIF Trust. Apprenez comment devenir \u00e9ligible pour ce visa RBI en Gr\u00e8ce.","robots":{"index":"index","follow":"follow","max-snippet":"max-snippet:-1","max-image-preview":"max-image-preview:large","max-video-preview":"max-video-preview:-1"},"canonical":"https:\/\/www.riftrust.com\/fr\/residence-par-investissement\/grece\/","og_locale":"fr_FR","og_type":"article","og_title":"Visa d'or pour la Gr\u00e8ce : Comment commencer","og_description":"Le processus de demande de visa d'or pour la Gr\u00e8ce se fait sans effort ! Laissez notre \u00e9quipe exp\u00e9riment\u00e9e vous aider \u00e0 soumettre tous les documents n\u00e9cessaires et vous guider tout au long du processus jusqu'\u00e0 l'approbation.","og_url":"https:\/\/www.riftrust.com\/fr\/residence-par-investissement\/grece\/","og_site_name":"RIF Trust","article_publisher":"https:\/\/www.facebook.com\/riftrustllc\/","article_modified_time":"2024-10-17T15:34:10+00:00","og_image":[{"url":"https:\/\/www.riftrust.com\/wp-content\/uploads\/2023\/04\/shutterstock_1445550260-1-1024x587.jpg","type":"","width":"","height":""}],"twitter_card":"summary_large_image","twitter_title":"Visa d'or pour la Gr\u00e8ce : Comment commencer","twitter_description":"Le processus de demande de visa d'or pour la Gr\u00e8ce se fait sans effort ! Laissez notre \u00e9quipe exp\u00e9riment\u00e9e vous aider \u00e0 soumettre tous les documents n\u00e9cessaires et vous guider tout au long du processus jusqu'\u00e0 l'approbation.","twitter_image":"https:\/\/www.riftrust.com\/wp-content\/uploads\/2023\/04\/shutterstock_1445550260-1024x587.jpg","twitter_site":"@rif_trust","schema":{"@context":"https:\/\/schema.org","@graph":[{"@type":"WebPage","@id":"https:\/\/www.riftrust.com\/fr\/residence-par-investissement\/grece\/","url":"https:\/\/www.riftrust.com\/fr\/residence-par-investissement\/grece\/","name":"Gr\u00e8ce Visa d'or - Gr\u00e8ce R\u00e9sidence - RIF Trust.","isPartOf":{"@id":"https:\/\/www.riftrust.com\/fr\/#website"},"datePublished":"2023-03-17T11:16:18+00:00","dateModified":"2024-10-17T15:34:10+00:00","description":"D\u00e9couvrez les avantages du Golden Visa pour la Gr\u00e8ce avec RIF Trust. Apprenez comment devenir \u00e9ligible pour ce visa RBI en Gr\u00e8ce.","breadcrumb":{"@id":"https:\/\/www.riftrust.com\/fr\/residence-par-investissement\/grece\/#breadcrumb"},"inLanguage":"fr-FR","potentialAction":[{"@type":"ReadAction","target":["https:\/\/www.riftrust.com\/fr\/residence-par-investissement\/grece\/"]}]},{"@type":"BreadcrumbList","@id":"https:\/\/www.riftrust.com\/fr\/residence-par-investissement\/grece\/#breadcrumb","itemListElement":[{"@type":"ListItem","position":1,"name":"Home","item":"https:\/\/www.riftrust.com\/fr\/accueil\/"},{"@type":"ListItem","position":2,"name":"R\u00e9sidence par investissement","item":"https:\/\/www.riftrust.com\/fr\/residence-par-investissement\/"},{"@type":"ListItem","position":3,"name":"Gr\u00e8ce"}]},{"@type":"WebSite","@id":"https:\/\/www.riftrust.com\/fr\/#website","url":"https:\/\/www.riftrust.com\/fr\/","name":"RIF Trust","description":"Residency and Citizenship by investment","publisher":{"@id":"https:\/\/www.riftrust.com\/fr\/#organization"},"potentialAction":[{"@type":"SearchAction","target":{"@type":"EntryPoint","urlTemplate":"https:\/\/www.riftrust.com\/fr\/?s={search_term_string}"},"query-input":{"@type":"PropertyValueSpecification","valueRequired":true,"valueName":"search_term_string"}}],"inLanguage":"fr-FR"},{"@type":"Organization","@id":"https:\/\/www.riftrust.com\/fr\/#organization","name":"RIF Trust","url":"https:\/\/www.riftrust.com\/fr\/","logo":{"@type":"ImageObject","inLanguage":"fr-FR","@id":"https:\/\/www.riftrust.com\/fr\/#\/schema\/logo\/image\/","url":"https:\/\/www.riftrust.com\/wp-content\/uploads\/2023\/05\/riftrust-logo.png","contentUrl":"https:\/\/www.riftrust.com\/wp-content\/uploads\/2023\/05\/riftrust-logo.png","width":500,"height":294,"caption":"RIF Trust"},"image":{"@id":"https:\/\/www.riftrust.com\/fr\/#\/schema\/logo\/image\/"},"sameAs":["https:\/\/www.facebook.com\/riftrustllc\/","https:\/\/x.com\/rif_trust","https:\/\/www.instagram.com\/riftrust_citizenship\/"]}]}},"_links":{"self":[{"href":"https:\/\/www.riftrust.com\/fr\/wp-json\/wp\/v2\/pages\/15328","targetHints":{"allow":["GET"]}}],"collection":[{"href":"https:\/\/www.riftrust.com\/fr\/wp-json\/wp\/v2\/pages"}],"about":[{"href":"https:\/\/www.riftrust.com\/fr\/wp-json\/wp\/v2\/types\/page"}],"author":[{"embeddable":true,"href":"https:\/\/www.riftrust.com\/fr\/wp-json\/wp\/v2\/users\/11"}],"replies":[{"embeddable":true,"href":"https:\/\/www.riftrust.com\/fr\/wp-json\/wp\/v2\/comments?post=15328"}],"version-history":[{"count":0,"href":"https:\/\/www.riftrust.com\/fr\/wp-json\/wp\/v2\/pages\/15328\/revisions"}],"up":[{"embeddable":true,"href":"https:\/\/www.riftrust.com\/fr\/wp-json\/wp\/v2\/pages\/15270"}],"wp:attachment":[{"href":"https:\/\/www.riftrust.com\/fr\/wp-json\/wp\/v2\/media?parent=15328"}],"curies":[{"name":"wp","href":"https:\/\/api.w.org\/{rel}","templated":true}]}}