{"id":34899,"date":"2024-08-12T13:52:31","date_gmt":"2024-08-12T13:52:31","guid":{"rendered":"https:\/\/www.riftrust.com\/index-des-passeports\/"},"modified":"2024-08-12T14:21:53","modified_gmt":"2024-08-12T14:21:53","slug":"index-des-passeports","status":"publish","type":"page","link":"https:\/\/www.riftrust.com\/fr\/index-des-passeports\/","title":{"rendered":"index des passeports"},"content":{"rendered":"<h2>Consultez l&rsquo;index des passeports de RIF Trust pour d\u00e9couvrir le pouvoir des passeports.<\/h2>\n<p>L&rsquo;indice des passeports de RIF Trust offre la mesure la plus pr\u00e9cise et la plus actualis\u00e9e de la solidit\u00e9 des passeports de tous les pays du monde.<br \/>\nD\u00e9couvrez le classement de votre passeport sur la sc\u00e8ne internationale, son acc\u00e8s sans visa et les destinations o\u00f9 il peut vous emmener.<br \/>\nBienvenue dans le monde des r\u00e9glementations relatives aux voyages et aux visas.<br \/>\nD\u00e9couvrez comment vous pouvez am\u00e9liorer votre mobilit\u00e9 gr\u00e2ce \u00e0 un document simple et unique.   <\/p>\n<div class=\"lw-pr-list-section__intro__key\">\n<p><strong>Comprendre la classification des passeports<\/strong><\/p>\n<ul>\n<li class=\"d-block d-md-none lw-pr-list-section__intro__key--number\">Nombre total de destinations sans visa<\/li>\n<li class=\"lw-pr-list-section__intro__key--swatch visa-free\">Sans visa<\/li>\n<li class=\"lw-pr-list-section__intro__key--swatch visa-on-arrival\">Visa \u00e0 l&rsquo;arriv\u00e9e<\/li>\n<li class=\"lw-pr-list-section__intro__key--swatch evisa\">eVisa<\/li>\n<li class=\"lw-pr-list-section__intro__key--swatch visa-required\">Visa requis<\/li>\n<\/ul>\n<p class=\"lw-pr-list-section__intro__key--asterisk\">*Le classement des passeports combine le nombre de pays sans visa, avec visa \u00e0 l&rsquo;arriv\u00e9e et avec visa \u00e9lectronique.<br \/>\n199 fait r\u00e9f\u00e9rence au nombre de passeports existants.<br \/>\nNous n&rsquo;incluons pas les passeports d\u00e9livr\u00e9s par des territoires tels que les \u00eeles Ca\u00efmans.  <\/p>\n<\/p><\/div>\n","protected":false},"excerpt":{"rendered":"<p>Consultez l&rsquo;index des passeports de RIF Trust pour d\u00e9couvrir le pouvoir des passeports. L&rsquo;indice des passeports de RIF Trust offre la mesure la plus pr\u00e9cise et la plus actualis\u00e9e de la solidit\u00e9 des passeports de tous les pays du monde. D\u00e9couvrez le classement de votre passeport sur la sc\u00e8ne internationale, son acc\u00e8s sans visa et [&hellip;]<\/p>\n","protected":false},"author":11,"featured_media":0,"parent":0,"menu_order":0,"comment_status":"closed","ping_status":"closed","template":"","meta":{"_acf_changed":false,"footnotes":"","_wp_rev_ctl_limit":""},"class_list":["post-34899","page","type-page","status-publish","hentry"],"acf":[],"yoast_head":"<!-- This site is optimized with the Yoast SEO Premium plugin v23.4 (Yoast SEO v27.3) - https:\/\/yoast.com\/product\/yoast-seo-premium-wordpress\/ -->\n<title>index des passeports - RIF Trust<\/title>\n<meta name=\"robots\" content=\"index, follow, max-snippet:-1, max-image-preview:large, max-video-preview:-1\" \/>\n<link rel=\"canonical\" href=\"https:\/\/www.riftrust.com\/fr\/index-des-passeports\/\" \/>\n<meta property=\"og:locale\" content=\"fr_FR\" \/>\n<meta property=\"og:type\" content=\"article\" \/>\n<meta property=\"og:title\" content=\"index des passeports\" \/>\n<meta property=\"og:description\" content=\"Consultez l&rsquo;index des passeports de RIF Trust pour d\u00e9couvrir le pouvoir des passeports. L&rsquo;indice des passeports de RIF Trust offre la mesure la plus pr\u00e9cise et la plus actualis\u00e9e de la solidit\u00e9 des passeports de tous les pays du monde. D\u00e9couvrez le classement de votre passeport sur la sc\u00e8ne internationale, son acc\u00e8s sans visa et [&hellip;]\" \/>\n<meta property=\"og:url\" content=\"https:\/\/www.riftrust.com\/fr\/index-des-passeports\/\" \/>\n<meta property=\"og:site_name\" content=\"RIF Trust\" \/>\n<meta property=\"article:publisher\" content=\"https:\/\/www.facebook.com\/riftrustllc\/\" \/>\n<meta property=\"article:modified_time\" content=\"2024-08-12T14:21:53+00:00\" \/>\n<meta name=\"twitter:card\" content=\"summary_large_image\" \/>\n<meta name=\"twitter:site\" content=\"@rif_trust\" \/>\n<meta name=\"twitter:label1\" content=\"Dur\u00e9e de lecture estim\u00e9e\" \/>\n\t<meta name=\"twitter:data1\" content=\"1 minute\" \/>\n<script type=\"application\/ld+json\" class=\"yoast-schema-graph\">{\"@context\":\"https:\\\/\\\/schema.org\",\"@graph\":[{\"@type\":\"WebPage\",\"@id\":\"https:\\\/\\\/www.riftrust.com\\\/fr\\\/index-des-passeports\\\/\",\"url\":\"https:\\\/\\\/www.riftrust.com\\\/fr\\\/index-des-passeports\\\/\",\"name\":\"index des passeports - RIF Trust\",\"isPartOf\":{\"@id\":\"https:\\\/\\\/www.riftrust.com\\\/fr\\\/#website\"},\"datePublished\":\"2024-08-12T13:52:31+00:00\",\"dateModified\":\"2024-08-12T14:21:53+00:00\",\"breadcrumb\":{\"@id\":\"https:\\\/\\\/www.riftrust.com\\\/fr\\\/index-des-passeports\\\/#breadcrumb\"},\"inLanguage\":\"fr-FR\",\"potentialAction\":[{\"@type\":\"ReadAction\",\"target\":[\"https:\\\/\\\/www.riftrust.com\\\/fr\\\/index-des-passeports\\\/\"]}]},{\"@type\":\"BreadcrumbList\",\"@id\":\"https:\\\/\\\/www.riftrust.com\\\/fr\\\/index-des-passeports\\\/#breadcrumb\",\"itemListElement\":[{\"@type\":\"ListItem\",\"position\":1,\"name\":\"Home\",\"item\":\"https:\\\/\\\/www.riftrust.com\\\/fr\\\/accueil\\\/\"},{\"@type\":\"ListItem\",\"position\":2,\"name\":\"index des passeports\"}]},{\"@type\":\"WebSite\",\"@id\":\"https:\\\/\\\/www.riftrust.com\\\/fr\\\/#website\",\"url\":\"https:\\\/\\\/www.riftrust.com\\\/fr\\\/\",\"name\":\"RIF Trust\",\"description\":\"Residency and Citizenship by investment\",\"publisher\":{\"@id\":\"https:\\\/\\\/www.riftrust.com\\\/fr\\\/#organization\"},\"potentialAction\":[{\"@type\":\"SearchAction\",\"target\":{\"@type\":\"EntryPoint\",\"urlTemplate\":\"https:\\\/\\\/www.riftrust.com\\\/fr\\\/?s={search_term_string}\"},\"query-input\":{\"@type\":\"PropertyValueSpecification\",\"valueRequired\":true,\"valueName\":\"search_term_string\"}}],\"inLanguage\":\"fr-FR\"},{\"@type\":\"Organization\",\"@id\":\"https:\\\/\\\/www.riftrust.com\\\/fr\\\/#organization\",\"name\":\"RIF Trust\",\"url\":\"https:\\\/\\\/www.riftrust.com\\\/fr\\\/\",\"logo\":{\"@type\":\"ImageObject\",\"inLanguage\":\"fr-FR\",\"@id\":\"https:\\\/\\\/www.riftrust.com\\\/fr\\\/#\\\/schema\\\/logo\\\/image\\\/\",\"url\":\"https:\\\/\\\/www.riftrust.com\\\/wp-content\\\/uploads\\\/2023\\\/05\\\/riftrust-logo.png\",\"contentUrl\":\"https:\\\/\\\/www.riftrust.com\\\/wp-content\\\/uploads\\\/2023\\\/05\\\/riftrust-logo.png\",\"width\":500,\"height\":294,\"caption\":\"RIF Trust\"},\"image\":{\"@id\":\"https:\\\/\\\/www.riftrust.com\\\/fr\\\/#\\\/schema\\\/logo\\\/image\\\/\"},\"sameAs\":[\"https:\\\/\\\/www.facebook.com\\\/riftrustllc\\\/\",\"https:\\\/\\\/x.com\\\/rif_trust\",\"https:\\\/\\\/www.instagram.com\\\/riftrust_citizenship\\\/\"]}]}<\/script>\n<!-- \/ Yoast SEO Premium plugin. -->","yoast_head_json":{"title":"index des passeports - RIF Trust","robots":{"index":"index","follow":"follow","max-snippet":"max-snippet:-1","max-image-preview":"max-image-preview:large","max-video-preview":"max-video-preview:-1"},"canonical":"https:\/\/www.riftrust.com\/fr\/index-des-passeports\/","og_locale":"fr_FR","og_type":"article","og_title":"index des passeports","og_description":"Consultez l&rsquo;index des passeports de RIF Trust pour d\u00e9couvrir le pouvoir des passeports. L&rsquo;indice des passeports de RIF Trust offre la mesure la plus pr\u00e9cise et la plus actualis\u00e9e de la solidit\u00e9 des passeports de tous les pays du monde. D\u00e9couvrez le classement de votre passeport sur la sc\u00e8ne internationale, son acc\u00e8s sans visa et [&hellip;]","og_url":"https:\/\/www.riftrust.com\/fr\/index-des-passeports\/","og_site_name":"RIF Trust","article_publisher":"https:\/\/www.facebook.com\/riftrustllc\/","article_modified_time":"2024-08-12T14:21:53+00:00","twitter_card":"summary_large_image","twitter_site":"@rif_trust","twitter_misc":{"Dur\u00e9e de lecture estim\u00e9e":"1 minute"},"schema":{"@context":"https:\/\/schema.org","@graph":[{"@type":"WebPage","@id":"https:\/\/www.riftrust.com\/fr\/index-des-passeports\/","url":"https:\/\/www.riftrust.com\/fr\/index-des-passeports\/","name":"index des passeports - RIF Trust","isPartOf":{"@id":"https:\/\/www.riftrust.com\/fr\/#website"},"datePublished":"2024-08-12T13:52:31+00:00","dateModified":"2024-08-12T14:21:53+00:00","breadcrumb":{"@id":"https:\/\/www.riftrust.com\/fr\/index-des-passeports\/#breadcrumb"},"inLanguage":"fr-FR","potentialAction":[{"@type":"ReadAction","target":["https:\/\/www.riftrust.com\/fr\/index-des-passeports\/"]}]},{"@type":"BreadcrumbList","@id":"https:\/\/www.riftrust.com\/fr\/index-des-passeports\/#breadcrumb","itemListElement":[{"@type":"ListItem","position":1,"name":"Home","item":"https:\/\/www.riftrust.com\/fr\/accueil\/"},{"@type":"ListItem","position":2,"name":"index des passeports"}]},{"@type":"WebSite","@id":"https:\/\/www.riftrust.com\/fr\/#website","url":"https:\/\/www.riftrust.com\/fr\/","name":"RIF Trust","description":"Residency and Citizenship by investment","publisher":{"@id":"https:\/\/www.riftrust.com\/fr\/#organization"},"potentialAction":[{"@type":"SearchAction","target":{"@type":"EntryPoint","urlTemplate":"https:\/\/www.riftrust.com\/fr\/?s={search_term_string}"},"query-input":{"@type":"PropertyValueSpecification","valueRequired":true,"valueName":"search_term_string"}}],"inLanguage":"fr-FR"},{"@type":"Organization","@id":"https:\/\/www.riftrust.com\/fr\/#organization","name":"RIF Trust","url":"https:\/\/www.riftrust.com\/fr\/","logo":{"@type":"ImageObject","inLanguage":"fr-FR","@id":"https:\/\/www.riftrust.com\/fr\/#\/schema\/logo\/image\/","url":"https:\/\/www.riftrust.com\/wp-content\/uploads\/2023\/05\/riftrust-logo.png","contentUrl":"https:\/\/www.riftrust.com\/wp-content\/uploads\/2023\/05\/riftrust-logo.png","width":500,"height":294,"caption":"RIF Trust"},"image":{"@id":"https:\/\/www.riftrust.com\/fr\/#\/schema\/logo\/image\/"},"sameAs":["https:\/\/www.facebook.com\/riftrustllc\/","https:\/\/x.com\/rif_trust","https:\/\/www.instagram.com\/riftrust_citizenship\/"]}]}},"_links":{"self":[{"href":"https:\/\/www.riftrust.com\/fr\/wp-json\/wp\/v2\/pages\/34899","targetHints":{"allow":["GET"]}}],"collection":[{"href":"https:\/\/www.riftrust.com\/fr\/wp-json\/wp\/v2\/pages"}],"about":[{"href":"https:\/\/www.riftrust.com\/fr\/wp-json\/wp\/v2\/types\/page"}],"author":[{"embeddable":true,"href":"https:\/\/www.riftrust.com\/fr\/wp-json\/wp\/v2\/users\/11"}],"replies":[{"embeddable":true,"href":"https:\/\/www.riftrust.com\/fr\/wp-json\/wp\/v2\/comments?post=34899"}],"version-history":[{"count":0,"href":"https:\/\/www.riftrust.com\/fr\/wp-json\/wp\/v2\/pages\/34899\/revisions"}],"wp:attachment":[{"href":"https:\/\/www.riftrust.com\/fr\/wp-json\/wp\/v2\/media?parent=34899"}],"curies":[{"name":"wp","href":"https:\/\/api.w.org\/{rel}","templated":true}]}}