{"id":12142,"date":"2023-03-17T11:16:18","date_gmt":"2023-03-17T11:16:18","guid":{"rendered":"https:\/\/riftrust.com\/yatirim-yoluyla-ikamet\/yunanistan\/"},"modified":"2024-10-17T15:34:23","modified_gmt":"2024-10-17T15:34:23","slug":"yunanistan","status":"publish","type":"page","link":"https:\/\/www.riftrust.com\/tr\/yatirim-yoluyla-ikamet\/yunanistan\/","title":{"rendered":"Yunanistan"},"content":{"rendered":"","protected":false},"excerpt":{"rendered":"","protected":false},"author":11,"featured_media":0,"parent":8302,"menu_order":0,"comment_status":"closed","ping_status":"closed","template":"template-citizenship-child-pages.php","meta":{"_acf_changed":false,"footnotes":"","_wp_rev_ctl_limit":""},"class_list":["post-12142","page","type-page","status-publish","hentry"],"acf":[],"yoast_head":"<!-- This site is optimized with the Yoast SEO Premium plugin v23.4 (Yoast SEO v27.3) - https:\/\/yoast.com\/product\/yoast-seo-premium-wordpress\/ -->\n<title>Yunanistan Golden Visa - Yunanistan Oturma \u0130zni - RIF Trust<\/title>\n<meta name=\"description\" content=\"RIF Trust ile Yunanistan Golden Visa&#039;n\u0131n avantajlar\u0131n\u0131 ke\u015ffedin. Yunanistan&#039;da bu RBI vizesine nas\u0131l hak kazanaca\u011f\u0131n\u0131z\u0131 \u00f6\u011frenin.\" \/>\n<meta name=\"robots\" content=\"index, follow, max-snippet:-1, max-image-preview:large, max-video-preview:-1\" \/>\n<link rel=\"canonical\" href=\"https:\/\/www.riftrust.com\/tr\/yatirim-yoluyla-ikamet\/yunanistan\/\" \/>\n<meta property=\"og:locale\" content=\"tr_TR\" \/>\n<meta property=\"og:type\" content=\"article\" \/>\n<meta property=\"og:title\" content=\"Yunanistan Alt\u0131n Vize: Nas\u0131l Ba\u015flan\u0131r\" \/>\n<meta property=\"og:description\" content=\"Yunanistan Golden Visa ba\u015fvuru s\u00fcreci zahmetsiz hale getirildi! Deneyimli ekibimiz gerekli t\u00fcm belgeleri sunman\u0131zda size yard\u0131mc\u0131 olsun ve onaya kadar t\u00fcm s\u00fcre\u00e7 boyunca rehberlik sa\u011flas\u0131n.\" \/>\n<meta property=\"og:url\" content=\"https:\/\/www.riftrust.com\/tr\/yatirim-yoluyla-ikamet\/yunanistan\/\" \/>\n<meta property=\"og:site_name\" content=\"RIF Trust\" \/>\n<meta property=\"article:publisher\" content=\"https:\/\/www.facebook.com\/riftrustllc\/\" \/>\n<meta property=\"article:modified_time\" content=\"2024-10-17T15:34:23+00:00\" \/>\n<meta property=\"og:image\" content=\"https:\/\/www.riftrust.com\/wp-content\/uploads\/2023\/04\/shutterstock_1445550260-1-1024x587.jpg\" \/>\n<meta name=\"twitter:card\" content=\"summary_large_image\" \/>\n<meta name=\"twitter:title\" content=\"Yunanistan Alt\u0131n Vize: Nas\u0131l Ba\u015flan\u0131r\" \/>\n<meta name=\"twitter:description\" content=\"Yunanistan Golden Visa ba\u015fvuru s\u00fcreci zahmetsiz hale getirildi! Deneyimli ekibimiz gerekli t\u00fcm belgeleri sunman\u0131zda size yard\u0131mc\u0131 olsun ve onaya kadar t\u00fcm s\u00fcre\u00e7 boyunca rehberlik sa\u011flas\u0131n.\" \/>\n<meta name=\"twitter:image\" content=\"https:\/\/www.riftrust.com\/wp-content\/uploads\/2023\/04\/shutterstock_1445550260-1024x587.jpg\" \/>\n<meta name=\"twitter:site\" content=\"@rif_trust\" \/>\n<script type=\"application\/ld+json\" class=\"yoast-schema-graph\">{\"@context\":\"https:\\\/\\\/schema.org\",\"@graph\":[{\"@type\":\"WebPage\",\"@id\":\"https:\\\/\\\/www.riftrust.com\\\/tr\\\/yatirim-yoluyla-ikamet\\\/yunanistan\\\/\",\"url\":\"https:\\\/\\\/www.riftrust.com\\\/tr\\\/yatirim-yoluyla-ikamet\\\/yunanistan\\\/\",\"name\":\"Yunanistan Golden Visa - Yunanistan Oturma \u0130zni - RIF Trust\",\"isPartOf\":{\"@id\":\"https:\\\/\\\/www.riftrust.com\\\/tr\\\/#website\"},\"datePublished\":\"2023-03-17T11:16:18+00:00\",\"dateModified\":\"2024-10-17T15:34:23+00:00\",\"description\":\"RIF Trust ile Yunanistan Golden Visa'n\u0131n avantajlar\u0131n\u0131 ke\u015ffedin. Yunanistan'da bu RBI vizesine nas\u0131l hak kazanaca\u011f\u0131n\u0131z\u0131 \u00f6\u011frenin.\",\"breadcrumb\":{\"@id\":\"https:\\\/\\\/www.riftrust.com\\\/tr\\\/yatirim-yoluyla-ikamet\\\/yunanistan\\\/#breadcrumb\"},\"inLanguage\":\"tr\",\"potentialAction\":[{\"@type\":\"ReadAction\",\"target\":[\"https:\\\/\\\/www.riftrust.com\\\/tr\\\/yatirim-yoluyla-ikamet\\\/yunanistan\\\/\"]}]},{\"@type\":\"BreadcrumbList\",\"@id\":\"https:\\\/\\\/www.riftrust.com\\\/tr\\\/yatirim-yoluyla-ikamet\\\/yunanistan\\\/#breadcrumb\",\"itemListElement\":[{\"@type\":\"ListItem\",\"position\":1,\"name\":\"Home\",\"item\":\"https:\\\/\\\/www.riftrust.com\\\/tr\\\/ev\\\/\"},{\"@type\":\"ListItem\",\"position\":2,\"name\":\"Yat\u0131r\u0131m Yoluyla \u0130kamet\",\"item\":\"https:\\\/\\\/www.riftrust.com\\\/tr\\\/yatirim-yoluyla-ikamet\\\/\"},{\"@type\":\"ListItem\",\"position\":3,\"name\":\"Yunanistan\"}]},{\"@type\":\"WebSite\",\"@id\":\"https:\\\/\\\/www.riftrust.com\\\/tr\\\/#website\",\"url\":\"https:\\\/\\\/www.riftrust.com\\\/tr\\\/\",\"name\":\"RIF Trust\",\"description\":\"Residency and Citizenship by investment\",\"publisher\":{\"@id\":\"https:\\\/\\\/www.riftrust.com\\\/tr\\\/#organization\"},\"potentialAction\":[{\"@type\":\"SearchAction\",\"target\":{\"@type\":\"EntryPoint\",\"urlTemplate\":\"https:\\\/\\\/www.riftrust.com\\\/tr\\\/?s={search_term_string}\"},\"query-input\":{\"@type\":\"PropertyValueSpecification\",\"valueRequired\":true,\"valueName\":\"search_term_string\"}}],\"inLanguage\":\"tr\"},{\"@type\":\"Organization\",\"@id\":\"https:\\\/\\\/www.riftrust.com\\\/tr\\\/#organization\",\"name\":\"RIF Trust\",\"url\":\"https:\\\/\\\/www.riftrust.com\\\/tr\\\/\",\"logo\":{\"@type\":\"ImageObject\",\"inLanguage\":\"tr\",\"@id\":\"https:\\\/\\\/www.riftrust.com\\\/tr\\\/#\\\/schema\\\/logo\\\/image\\\/\",\"url\":\"https:\\\/\\\/www.riftrust.com\\\/wp-content\\\/uploads\\\/2023\\\/05\\\/riftrust-logo.png\",\"contentUrl\":\"https:\\\/\\\/www.riftrust.com\\\/wp-content\\\/uploads\\\/2023\\\/05\\\/riftrust-logo.png\",\"width\":500,\"height\":294,\"caption\":\"RIF Trust\"},\"image\":{\"@id\":\"https:\\\/\\\/www.riftrust.com\\\/tr\\\/#\\\/schema\\\/logo\\\/image\\\/\"},\"sameAs\":[\"https:\\\/\\\/www.facebook.com\\\/riftrustllc\\\/\",\"https:\\\/\\\/x.com\\\/rif_trust\",\"https:\\\/\\\/www.instagram.com\\\/riftrust_citizenship\\\/\"]}]}<\/script>\n<!-- \/ Yoast SEO Premium plugin. -->","yoast_head_json":{"title":"Yunanistan Golden Visa - Yunanistan Oturma \u0130zni - RIF Trust","description":"RIF Trust ile Yunanistan Golden Visa'n\u0131n avantajlar\u0131n\u0131 ke\u015ffedin. Yunanistan'da bu RBI vizesine nas\u0131l hak kazanaca\u011f\u0131n\u0131z\u0131 \u00f6\u011frenin.","robots":{"index":"index","follow":"follow","max-snippet":"max-snippet:-1","max-image-preview":"max-image-preview:large","max-video-preview":"max-video-preview:-1"},"canonical":"https:\/\/www.riftrust.com\/tr\/yatirim-yoluyla-ikamet\/yunanistan\/","og_locale":"tr_TR","og_type":"article","og_title":"Yunanistan Alt\u0131n Vize: Nas\u0131l Ba\u015flan\u0131r","og_description":"Yunanistan Golden Visa ba\u015fvuru s\u00fcreci zahmetsiz hale getirildi! Deneyimli ekibimiz gerekli t\u00fcm belgeleri sunman\u0131zda size yard\u0131mc\u0131 olsun ve onaya kadar t\u00fcm s\u00fcre\u00e7 boyunca rehberlik sa\u011flas\u0131n.","og_url":"https:\/\/www.riftrust.com\/tr\/yatirim-yoluyla-ikamet\/yunanistan\/","og_site_name":"RIF Trust","article_publisher":"https:\/\/www.facebook.com\/riftrustllc\/","article_modified_time":"2024-10-17T15:34:23+00:00","og_image":[{"url":"https:\/\/www.riftrust.com\/wp-content\/uploads\/2023\/04\/shutterstock_1445550260-1-1024x587.jpg","type":"","width":"","height":""}],"twitter_card":"summary_large_image","twitter_title":"Yunanistan Alt\u0131n Vize: Nas\u0131l Ba\u015flan\u0131r","twitter_description":"Yunanistan Golden Visa ba\u015fvuru s\u00fcreci zahmetsiz hale getirildi! Deneyimli ekibimiz gerekli t\u00fcm belgeleri sunman\u0131zda size yard\u0131mc\u0131 olsun ve onaya kadar t\u00fcm s\u00fcre\u00e7 boyunca rehberlik sa\u011flas\u0131n.","twitter_image":"https:\/\/www.riftrust.com\/wp-content\/uploads\/2023\/04\/shutterstock_1445550260-1024x587.jpg","twitter_site":"@rif_trust","schema":{"@context":"https:\/\/schema.org","@graph":[{"@type":"WebPage","@id":"https:\/\/www.riftrust.com\/tr\/yatirim-yoluyla-ikamet\/yunanistan\/","url":"https:\/\/www.riftrust.com\/tr\/yatirim-yoluyla-ikamet\/yunanistan\/","name":"Yunanistan Golden Visa - Yunanistan Oturma \u0130zni - RIF Trust","isPartOf":{"@id":"https:\/\/www.riftrust.com\/tr\/#website"},"datePublished":"2023-03-17T11:16:18+00:00","dateModified":"2024-10-17T15:34:23+00:00","description":"RIF Trust ile Yunanistan Golden Visa'n\u0131n avantajlar\u0131n\u0131 ke\u015ffedin. Yunanistan'da bu RBI vizesine nas\u0131l hak kazanaca\u011f\u0131n\u0131z\u0131 \u00f6\u011frenin.","breadcrumb":{"@id":"https:\/\/www.riftrust.com\/tr\/yatirim-yoluyla-ikamet\/yunanistan\/#breadcrumb"},"inLanguage":"tr","potentialAction":[{"@type":"ReadAction","target":["https:\/\/www.riftrust.com\/tr\/yatirim-yoluyla-ikamet\/yunanistan\/"]}]},{"@type":"BreadcrumbList","@id":"https:\/\/www.riftrust.com\/tr\/yatirim-yoluyla-ikamet\/yunanistan\/#breadcrumb","itemListElement":[{"@type":"ListItem","position":1,"name":"Home","item":"https:\/\/www.riftrust.com\/tr\/ev\/"},{"@type":"ListItem","position":2,"name":"Yat\u0131r\u0131m Yoluyla \u0130kamet","item":"https:\/\/www.riftrust.com\/tr\/yatirim-yoluyla-ikamet\/"},{"@type":"ListItem","position":3,"name":"Yunanistan"}]},{"@type":"WebSite","@id":"https:\/\/www.riftrust.com\/tr\/#website","url":"https:\/\/www.riftrust.com\/tr\/","name":"RIF Trust","description":"Residency and Citizenship by investment","publisher":{"@id":"https:\/\/www.riftrust.com\/tr\/#organization"},"potentialAction":[{"@type":"SearchAction","target":{"@type":"EntryPoint","urlTemplate":"https:\/\/www.riftrust.com\/tr\/?s={search_term_string}"},"query-input":{"@type":"PropertyValueSpecification","valueRequired":true,"valueName":"search_term_string"}}],"inLanguage":"tr"},{"@type":"Organization","@id":"https:\/\/www.riftrust.com\/tr\/#organization","name":"RIF Trust","url":"https:\/\/www.riftrust.com\/tr\/","logo":{"@type":"ImageObject","inLanguage":"tr","@id":"https:\/\/www.riftrust.com\/tr\/#\/schema\/logo\/image\/","url":"https:\/\/www.riftrust.com\/wp-content\/uploads\/2023\/05\/riftrust-logo.png","contentUrl":"https:\/\/www.riftrust.com\/wp-content\/uploads\/2023\/05\/riftrust-logo.png","width":500,"height":294,"caption":"RIF Trust"},"image":{"@id":"https:\/\/www.riftrust.com\/tr\/#\/schema\/logo\/image\/"},"sameAs":["https:\/\/www.facebook.com\/riftrustllc\/","https:\/\/x.com\/rif_trust","https:\/\/www.instagram.com\/riftrust_citizenship\/"]}]}},"_links":{"self":[{"href":"https:\/\/www.riftrust.com\/tr\/wp-json\/wp\/v2\/pages\/12142","targetHints":{"allow":["GET"]}}],"collection":[{"href":"https:\/\/www.riftrust.com\/tr\/wp-json\/wp\/v2\/pages"}],"about":[{"href":"https:\/\/www.riftrust.com\/tr\/wp-json\/wp\/v2\/types\/page"}],"author":[{"embeddable":true,"href":"https:\/\/www.riftrust.com\/tr\/wp-json\/wp\/v2\/users\/11"}],"replies":[{"embeddable":true,"href":"https:\/\/www.riftrust.com\/tr\/wp-json\/wp\/v2\/comments?post=12142"}],"version-history":[{"count":0,"href":"https:\/\/www.riftrust.com\/tr\/wp-json\/wp\/v2\/pages\/12142\/revisions"}],"up":[{"embeddable":true,"href":"https:\/\/www.riftrust.com\/tr\/wp-json\/wp\/v2\/pages\/8302"}],"wp:attachment":[{"href":"https:\/\/www.riftrust.com\/tr\/wp-json\/wp\/v2\/media?parent=12142"}],"curies":[{"name":"wp","href":"https:\/\/api.w.org\/{rel}","templated":true}]}}