{"id":13802,"date":"2023-04-28T12:26:21","date_gmt":"2023-04-28T12:26:21","guid":{"rendered":"https:\/\/riftrust.com\/rif-takimi\/"},"modified":"2024-08-24T22:39:12","modified_gmt":"2024-08-24T22:39:12","slug":"rif-takimi","status":"publish","type":"page","link":"https:\/\/www.riftrust.com\/tr\/rif-takimi\/","title":{"rendered":"Tak\u0131m"},"content":{"rendered":"","protected":false},"excerpt":{"rendered":"","protected":false},"author":11,"featured_media":0,"parent":0,"menu_order":0,"comment_status":"closed","ping_status":"closed","template":"template-team.php","meta":{"_acf_changed":false,"footnotes":"","_wp_rev_ctl_limit":""},"class_list":["post-13802","page","type-page","status-publish","hentry"],"acf":[],"yoast_head":"<!-- This site is optimized with the Yoast SEO Premium plugin v23.4 (Yoast SEO v27.5) - https:\/\/yoast.com\/product\/yoast-seo-premium-wordpress\/ -->\n<title>Tak\u0131m - RIF Trust<\/title>\n<meta name=\"description\" content=\"Sizi RIF G\u00fcven Ekibi ile tan\u0131\u015ft\u0131ral\u0131m. \u0130cra Kurulu \u00fcyeleri, \u00dclke M\u00fcd\u00fcrleri, Departman Ba\u015fkanlar\u0131 ve Stratejik Ortaklarla tan\u0131\u015f\u0131n.\" \/>\n<meta name=\"robots\" content=\"index, follow, max-snippet:-1, max-image-preview:large, max-video-preview:-1\" \/>\n<link rel=\"canonical\" href=\"https:\/\/www.riftrust.com\/tr\/rif-takimi\/\" \/>\n<meta property=\"og:locale\" content=\"tr_TR\" \/>\n<meta property=\"og:type\" content=\"article\" \/>\n<meta property=\"og:title\" content=\"Tak\u0131m\" \/>\n<meta property=\"og:description\" content=\"Sizi RIF G\u00fcven Ekibi ile tan\u0131\u015ft\u0131ral\u0131m. \u0130cra Kurulu \u00fcyeleri, \u00dclke M\u00fcd\u00fcrleri, Departman Ba\u015fkanlar\u0131 ve Stratejik Ortaklarla tan\u0131\u015f\u0131n.\" \/>\n<meta property=\"og:url\" content=\"https:\/\/www.riftrust.com\/tr\/rif-takimi\/\" \/>\n<meta property=\"og:site_name\" content=\"RIF Trust\" \/>\n<meta property=\"article:publisher\" content=\"https:\/\/www.facebook.com\/riftrustllc\/\" \/>\n<meta property=\"article:modified_time\" content=\"2024-08-24T22:39:12+00:00\" \/>\n<meta name=\"twitter:card\" content=\"summary_large_image\" \/>\n<meta name=\"twitter:site\" content=\"@rif_trust\" \/>\n<script type=\"application\/ld+json\" class=\"yoast-schema-graph\">{\"@context\":\"https:\\\/\\\/schema.org\",\"@graph\":[{\"@type\":\"WebPage\",\"@id\":\"https:\\\/\\\/www.riftrust.com\\\/tr\\\/rif-takimi\\\/\",\"url\":\"https:\\\/\\\/www.riftrust.com\\\/tr\\\/rif-takimi\\\/\",\"name\":\"Tak\u0131m - RIF Trust\",\"isPartOf\":{\"@id\":\"https:\\\/\\\/www.riftrust.com\\\/tr\\\/#website\"},\"datePublished\":\"2023-04-28T12:26:21+00:00\",\"dateModified\":\"2024-08-24T22:39:12+00:00\",\"description\":\"Sizi RIF G\u00fcven Ekibi ile tan\u0131\u015ft\u0131ral\u0131m. \u0130cra Kurulu \u00fcyeleri, \u00dclke M\u00fcd\u00fcrleri, Departman Ba\u015fkanlar\u0131 ve Stratejik Ortaklarla tan\u0131\u015f\u0131n.\",\"breadcrumb\":{\"@id\":\"https:\\\/\\\/www.riftrust.com\\\/tr\\\/rif-takimi\\\/#breadcrumb\"},\"inLanguage\":\"tr\",\"potentialAction\":[{\"@type\":\"ReadAction\",\"target\":[\"https:\\\/\\\/www.riftrust.com\\\/tr\\\/rif-takimi\\\/\"]}]},{\"@type\":\"BreadcrumbList\",\"@id\":\"https:\\\/\\\/www.riftrust.com\\\/tr\\\/rif-takimi\\\/#breadcrumb\",\"itemListElement\":[{\"@type\":\"ListItem\",\"position\":1,\"name\":\"Home\",\"item\":\"https:\\\/\\\/www.riftrust.com\\\/tr\\\/ev\\\/\"},{\"@type\":\"ListItem\",\"position\":2,\"name\":\"Tak\u0131m\"}]},{\"@type\":\"WebSite\",\"@id\":\"https:\\\/\\\/www.riftrust.com\\\/tr\\\/#website\",\"url\":\"https:\\\/\\\/www.riftrust.com\\\/tr\\\/\",\"name\":\"RIF Trust\",\"description\":\"Residency and Citizenship by investment\",\"publisher\":{\"@id\":\"https:\\\/\\\/www.riftrust.com\\\/tr\\\/#organization\"},\"potentialAction\":[{\"@type\":\"SearchAction\",\"target\":{\"@type\":\"EntryPoint\",\"urlTemplate\":\"https:\\\/\\\/www.riftrust.com\\\/tr\\\/?s={search_term_string}\"},\"query-input\":{\"@type\":\"PropertyValueSpecification\",\"valueRequired\":true,\"valueName\":\"search_term_string\"}}],\"inLanguage\":\"tr\"},{\"@type\":\"Organization\",\"@id\":\"https:\\\/\\\/www.riftrust.com\\\/tr\\\/#organization\",\"name\":\"RIF Trust\",\"url\":\"https:\\\/\\\/www.riftrust.com\\\/tr\\\/\",\"logo\":{\"@type\":\"ImageObject\",\"inLanguage\":\"tr\",\"@id\":\"https:\\\/\\\/www.riftrust.com\\\/tr\\\/#\\\/schema\\\/logo\\\/image\\\/\",\"url\":\"https:\\\/\\\/www.riftrust.com\\\/wp-content\\\/uploads\\\/2023\\\/05\\\/riftrust-logo.png\",\"contentUrl\":\"https:\\\/\\\/www.riftrust.com\\\/wp-content\\\/uploads\\\/2023\\\/05\\\/riftrust-logo.png\",\"width\":500,\"height\":294,\"caption\":\"RIF Trust\"},\"image\":{\"@id\":\"https:\\\/\\\/www.riftrust.com\\\/tr\\\/#\\\/schema\\\/logo\\\/image\\\/\"},\"sameAs\":[\"https:\\\/\\\/www.facebook.com\\\/riftrustllc\\\/\",\"https:\\\/\\\/x.com\\\/rif_trust\",\"https:\\\/\\\/www.instagram.com\\\/riftrust_citizenship\\\/\"]}]}<\/script>\n<!-- \/ Yoast SEO Premium plugin. -->","yoast_head_json":{"title":"Tak\u0131m - RIF Trust","description":"Sizi RIF G\u00fcven Ekibi ile tan\u0131\u015ft\u0131ral\u0131m. \u0130cra Kurulu \u00fcyeleri, \u00dclke M\u00fcd\u00fcrleri, Departman Ba\u015fkanlar\u0131 ve Stratejik Ortaklarla tan\u0131\u015f\u0131n.","robots":{"index":"index","follow":"follow","max-snippet":"max-snippet:-1","max-image-preview":"max-image-preview:large","max-video-preview":"max-video-preview:-1"},"canonical":"https:\/\/www.riftrust.com\/tr\/rif-takimi\/","og_locale":"tr_TR","og_type":"article","og_title":"Tak\u0131m","og_description":"Sizi RIF G\u00fcven Ekibi ile tan\u0131\u015ft\u0131ral\u0131m. \u0130cra Kurulu \u00fcyeleri, \u00dclke M\u00fcd\u00fcrleri, Departman Ba\u015fkanlar\u0131 ve Stratejik Ortaklarla tan\u0131\u015f\u0131n.","og_url":"https:\/\/www.riftrust.com\/tr\/rif-takimi\/","og_site_name":"RIF Trust","article_publisher":"https:\/\/www.facebook.com\/riftrustllc\/","article_modified_time":"2024-08-24T22:39:12+00:00","twitter_card":"summary_large_image","twitter_site":"@rif_trust","schema":{"@context":"https:\/\/schema.org","@graph":[{"@type":"WebPage","@id":"https:\/\/www.riftrust.com\/tr\/rif-takimi\/","url":"https:\/\/www.riftrust.com\/tr\/rif-takimi\/","name":"Tak\u0131m - RIF Trust","isPartOf":{"@id":"https:\/\/www.riftrust.com\/tr\/#website"},"datePublished":"2023-04-28T12:26:21+00:00","dateModified":"2024-08-24T22:39:12+00:00","description":"Sizi RIF G\u00fcven Ekibi ile tan\u0131\u015ft\u0131ral\u0131m. \u0130cra Kurulu \u00fcyeleri, \u00dclke M\u00fcd\u00fcrleri, Departman Ba\u015fkanlar\u0131 ve Stratejik Ortaklarla tan\u0131\u015f\u0131n.","breadcrumb":{"@id":"https:\/\/www.riftrust.com\/tr\/rif-takimi\/#breadcrumb"},"inLanguage":"tr","potentialAction":[{"@type":"ReadAction","target":["https:\/\/www.riftrust.com\/tr\/rif-takimi\/"]}]},{"@type":"BreadcrumbList","@id":"https:\/\/www.riftrust.com\/tr\/rif-takimi\/#breadcrumb","itemListElement":[{"@type":"ListItem","position":1,"name":"Home","item":"https:\/\/www.riftrust.com\/tr\/ev\/"},{"@type":"ListItem","position":2,"name":"Tak\u0131m"}]},{"@type":"WebSite","@id":"https:\/\/www.riftrust.com\/tr\/#website","url":"https:\/\/www.riftrust.com\/tr\/","name":"RIF Trust","description":"Residency and Citizenship by investment","publisher":{"@id":"https:\/\/www.riftrust.com\/tr\/#organization"},"potentialAction":[{"@type":"SearchAction","target":{"@type":"EntryPoint","urlTemplate":"https:\/\/www.riftrust.com\/tr\/?s={search_term_string}"},"query-input":{"@type":"PropertyValueSpecification","valueRequired":true,"valueName":"search_term_string"}}],"inLanguage":"tr"},{"@type":"Organization","@id":"https:\/\/www.riftrust.com\/tr\/#organization","name":"RIF Trust","url":"https:\/\/www.riftrust.com\/tr\/","logo":{"@type":"ImageObject","inLanguage":"tr","@id":"https:\/\/www.riftrust.com\/tr\/#\/schema\/logo\/image\/","url":"https:\/\/www.riftrust.com\/wp-content\/uploads\/2023\/05\/riftrust-logo.png","contentUrl":"https:\/\/www.riftrust.com\/wp-content\/uploads\/2023\/05\/riftrust-logo.png","width":500,"height":294,"caption":"RIF Trust"},"image":{"@id":"https:\/\/www.riftrust.com\/tr\/#\/schema\/logo\/image\/"},"sameAs":["https:\/\/www.facebook.com\/riftrustllc\/","https:\/\/x.com\/rif_trust","https:\/\/www.instagram.com\/riftrust_citizenship\/"]}]}},"_links":{"self":[{"href":"https:\/\/www.riftrust.com\/tr\/wp-json\/wp\/v2\/pages\/13802","targetHints":{"allow":["GET"]}}],"collection":[{"href":"https:\/\/www.riftrust.com\/tr\/wp-json\/wp\/v2\/pages"}],"about":[{"href":"https:\/\/www.riftrust.com\/tr\/wp-json\/wp\/v2\/types\/page"}],"author":[{"embeddable":true,"href":"https:\/\/www.riftrust.com\/tr\/wp-json\/wp\/v2\/users\/11"}],"replies":[{"embeddable":true,"href":"https:\/\/www.riftrust.com\/tr\/wp-json\/wp\/v2\/comments?post=13802"}],"version-history":[{"count":0,"href":"https:\/\/www.riftrust.com\/tr\/wp-json\/wp\/v2\/pages\/13802\/revisions"}],"wp:attachment":[{"href":"https:\/\/www.riftrust.com\/tr\/wp-json\/wp\/v2\/media?parent=13802"}],"curies":[{"name":"wp","href":"https:\/\/api.w.org\/{rel}","templated":true}]}}