{"id":13937,"date":"2023-04-13T15:26:47","date_gmt":"2023-04-13T15:26:47","guid":{"rendered":"https:\/\/riftrust.com\/ulke-erisim-araci\/"},"modified":"2023-08-24T08:50:14","modified_gmt":"2023-08-24T08:50:14","slug":"ulke-erisim-araci","status":"publish","type":"page","link":"https:\/\/www.riftrust.com\/tr\/ulke-erisim-araci\/","title":{"rendered":"\u00dclke Eri\u015fim Arac\u0131"},"content":{"rendered":"<p>Vatanda\u015fl\u0131k programlar\u0131n\u0131n say\u0131s\u0131 artmaya devam ederken, sadece vizesiz \u00fclkelerin toplam say\u0131s\u0131 yerine, belirli bir pasaportun ba\u015fka bir pasaporta k\u0131yasla benzersiz vizesiz \u00fclke eri\u015fimini belirlemek daha m\u0131 \u00f6nemlidir?<\/p>\n<p>Bu ara\u00e7, iki benzer program\u0131 kar\u015f\u0131la\u015ft\u0131r\u0131rken benzersiz vizesiz \u00fclkeleri belirlemenize ve se\u00e7ti\u011finiz program\u0131n sizin i\u00e7in \u00f6nemli olan t\u00fcm vizesiz \u00fclkelere sahip olup olmad\u0131\u011f\u0131n\u0131 belirlemenize yard\u0131mc\u0131 olacakt\u0131r.<\/p>\n","protected":false},"excerpt":{"rendered":"<p>Vatanda\u015fl\u0131k programlar\u0131n\u0131n say\u0131s\u0131 artmaya devam ederken, sadece vizesiz \u00fclkelerin toplam say\u0131s\u0131 yerine, belirli bir pasaportun ba\u015fka bir pasaporta k\u0131yasla benzersiz vizesiz \u00fclke eri\u015fimini belirlemek daha m\u0131 \u00f6nemlidir? Bu ara\u00e7, iki benzer program\u0131 kar\u015f\u0131la\u015ft\u0131r\u0131rken benzersiz vizesiz \u00fclkeleri belirlemenize ve se\u00e7ti\u011finiz program\u0131n sizin i\u00e7in \u00f6nemli olan t\u00fcm vizesiz \u00fclkelere sahip olup olmad\u0131\u011f\u0131n\u0131 belirlemenize yard\u0131mc\u0131 olacakt\u0131r.<\/p>\n","protected":false},"author":11,"featured_media":0,"parent":0,"menu_order":0,"comment_status":"closed","ping_status":"closed","template":"template-country-access-tool.php","meta":{"_acf_changed":false,"footnotes":"","_wp_rev_ctl_limit":""},"class_list":["post-13937","page","type-page","status-publish","hentry"],"acf":[],"yoast_head":"<!-- This site is optimized with the Yoast SEO Premium plugin v23.4 (Yoast SEO v27.5) - https:\/\/yoast.com\/product\/yoast-seo-premium-wordpress\/ -->\n<title>\u00dclke Eri\u015fim Arac\u0131 - RIF Trust<\/title>\n<meta name=\"description\" content=\"\u00dclke Eri\u015fim Arac\u0131m\u0131z, yat\u0131r\u0131m yoluyla vatanda\u015fl\u0131k programlar\u0131 sunan \u00fclkeleri kapsamaktad\u0131r. Vizesiz \u00fclkelerle kar\u015f\u0131la\u015ft\u0131r\u0131n.\" \/>\n<meta name=\"robots\" content=\"index, follow, max-snippet:-1, max-image-preview:large, max-video-preview:-1\" \/>\n<link rel=\"canonical\" href=\"https:\/\/www.riftrust.com\/tr\/ulke-erisim-araci\/\" \/>\n<meta property=\"og:locale\" content=\"tr_TR\" \/>\n<meta property=\"og:type\" content=\"article\" \/>\n<meta property=\"og:title\" content=\"\u00dclke Eri\u015fim Arac\u0131\" \/>\n<meta property=\"og:description\" content=\"\u00dclke Eri\u015fim Arac\u0131m\u0131z, yat\u0131r\u0131m yoluyla vatanda\u015fl\u0131k programlar\u0131 sunan \u00fclkeleri kapsamaktad\u0131r. Vizesiz \u00fclkelerle kar\u015f\u0131la\u015ft\u0131r\u0131n.\" \/>\n<meta property=\"og:url\" content=\"https:\/\/www.riftrust.com\/tr\/ulke-erisim-araci\/\" \/>\n<meta property=\"og:site_name\" content=\"RIF Trust\" \/>\n<meta property=\"article:publisher\" content=\"https:\/\/www.facebook.com\/riftrustllc\/\" \/>\n<meta property=\"article:modified_time\" content=\"2023-08-24T08:50:14+00:00\" \/>\n<meta name=\"twitter:card\" content=\"summary_large_image\" \/>\n<meta name=\"twitter:site\" content=\"@rif_trust\" \/>\n<script type=\"application\/ld+json\" class=\"yoast-schema-graph\">{\"@context\":\"https:\\\/\\\/schema.org\",\"@graph\":[{\"@type\":\"WebPage\",\"@id\":\"https:\\\/\\\/www.riftrust.com\\\/tr\\\/ulke-erisim-araci\\\/\",\"url\":\"https:\\\/\\\/www.riftrust.com\\\/tr\\\/ulke-erisim-araci\\\/\",\"name\":\"\u00dclke Eri\u015fim Arac\u0131 - RIF Trust\",\"isPartOf\":{\"@id\":\"https:\\\/\\\/www.riftrust.com\\\/tr\\\/#website\"},\"datePublished\":\"2023-04-13T15:26:47+00:00\",\"dateModified\":\"2023-08-24T08:50:14+00:00\",\"description\":\"\u00dclke Eri\u015fim Arac\u0131m\u0131z, yat\u0131r\u0131m yoluyla vatanda\u015fl\u0131k programlar\u0131 sunan \u00fclkeleri kapsamaktad\u0131r. Vizesiz \u00fclkelerle kar\u015f\u0131la\u015ft\u0131r\u0131n.\",\"breadcrumb\":{\"@id\":\"https:\\\/\\\/www.riftrust.com\\\/tr\\\/ulke-erisim-araci\\\/#breadcrumb\"},\"inLanguage\":\"tr\",\"potentialAction\":[{\"@type\":\"ReadAction\",\"target\":[\"https:\\\/\\\/www.riftrust.com\\\/tr\\\/ulke-erisim-araci\\\/\"]}]},{\"@type\":\"BreadcrumbList\",\"@id\":\"https:\\\/\\\/www.riftrust.com\\\/tr\\\/ulke-erisim-araci\\\/#breadcrumb\",\"itemListElement\":[{\"@type\":\"ListItem\",\"position\":1,\"name\":\"Home\",\"item\":\"https:\\\/\\\/www.riftrust.com\\\/tr\\\/ev\\\/\"},{\"@type\":\"ListItem\",\"position\":2,\"name\":\"\u00dclke Eri\u015fim Arac\u0131\"}]},{\"@type\":\"WebSite\",\"@id\":\"https:\\\/\\\/www.riftrust.com\\\/tr\\\/#website\",\"url\":\"https:\\\/\\\/www.riftrust.com\\\/tr\\\/\",\"name\":\"RIF Trust\",\"description\":\"Residency and Citizenship by investment\",\"publisher\":{\"@id\":\"https:\\\/\\\/www.riftrust.com\\\/tr\\\/#organization\"},\"potentialAction\":[{\"@type\":\"SearchAction\",\"target\":{\"@type\":\"EntryPoint\",\"urlTemplate\":\"https:\\\/\\\/www.riftrust.com\\\/tr\\\/?s={search_term_string}\"},\"query-input\":{\"@type\":\"PropertyValueSpecification\",\"valueRequired\":true,\"valueName\":\"search_term_string\"}}],\"inLanguage\":\"tr\"},{\"@type\":\"Organization\",\"@id\":\"https:\\\/\\\/www.riftrust.com\\\/tr\\\/#organization\",\"name\":\"RIF Trust\",\"url\":\"https:\\\/\\\/www.riftrust.com\\\/tr\\\/\",\"logo\":{\"@type\":\"ImageObject\",\"inLanguage\":\"tr\",\"@id\":\"https:\\\/\\\/www.riftrust.com\\\/tr\\\/#\\\/schema\\\/logo\\\/image\\\/\",\"url\":\"https:\\\/\\\/www.riftrust.com\\\/wp-content\\\/uploads\\\/2023\\\/05\\\/riftrust-logo.png\",\"contentUrl\":\"https:\\\/\\\/www.riftrust.com\\\/wp-content\\\/uploads\\\/2023\\\/05\\\/riftrust-logo.png\",\"width\":500,\"height\":294,\"caption\":\"RIF Trust\"},\"image\":{\"@id\":\"https:\\\/\\\/www.riftrust.com\\\/tr\\\/#\\\/schema\\\/logo\\\/image\\\/\"},\"sameAs\":[\"https:\\\/\\\/www.facebook.com\\\/riftrustllc\\\/\",\"https:\\\/\\\/x.com\\\/rif_trust\",\"https:\\\/\\\/www.instagram.com\\\/riftrust_citizenship\\\/\"]}]}<\/script>\n<!-- \/ Yoast SEO Premium plugin. -->","yoast_head_json":{"title":"\u00dclke Eri\u015fim Arac\u0131 - RIF Trust","description":"\u00dclke Eri\u015fim Arac\u0131m\u0131z, yat\u0131r\u0131m yoluyla vatanda\u015fl\u0131k programlar\u0131 sunan \u00fclkeleri kapsamaktad\u0131r. Vizesiz \u00fclkelerle kar\u015f\u0131la\u015ft\u0131r\u0131n.","robots":{"index":"index","follow":"follow","max-snippet":"max-snippet:-1","max-image-preview":"max-image-preview:large","max-video-preview":"max-video-preview:-1"},"canonical":"https:\/\/www.riftrust.com\/tr\/ulke-erisim-araci\/","og_locale":"tr_TR","og_type":"article","og_title":"\u00dclke Eri\u015fim Arac\u0131","og_description":"\u00dclke Eri\u015fim Arac\u0131m\u0131z, yat\u0131r\u0131m yoluyla vatanda\u015fl\u0131k programlar\u0131 sunan \u00fclkeleri kapsamaktad\u0131r. Vizesiz \u00fclkelerle kar\u015f\u0131la\u015ft\u0131r\u0131n.","og_url":"https:\/\/www.riftrust.com\/tr\/ulke-erisim-araci\/","og_site_name":"RIF Trust","article_publisher":"https:\/\/www.facebook.com\/riftrustllc\/","article_modified_time":"2023-08-24T08:50:14+00:00","twitter_card":"summary_large_image","twitter_site":"@rif_trust","schema":{"@context":"https:\/\/schema.org","@graph":[{"@type":"WebPage","@id":"https:\/\/www.riftrust.com\/tr\/ulke-erisim-araci\/","url":"https:\/\/www.riftrust.com\/tr\/ulke-erisim-araci\/","name":"\u00dclke Eri\u015fim Arac\u0131 - RIF Trust","isPartOf":{"@id":"https:\/\/www.riftrust.com\/tr\/#website"},"datePublished":"2023-04-13T15:26:47+00:00","dateModified":"2023-08-24T08:50:14+00:00","description":"\u00dclke Eri\u015fim Arac\u0131m\u0131z, yat\u0131r\u0131m yoluyla vatanda\u015fl\u0131k programlar\u0131 sunan \u00fclkeleri kapsamaktad\u0131r. Vizesiz \u00fclkelerle kar\u015f\u0131la\u015ft\u0131r\u0131n.","breadcrumb":{"@id":"https:\/\/www.riftrust.com\/tr\/ulke-erisim-araci\/#breadcrumb"},"inLanguage":"tr","potentialAction":[{"@type":"ReadAction","target":["https:\/\/www.riftrust.com\/tr\/ulke-erisim-araci\/"]}]},{"@type":"BreadcrumbList","@id":"https:\/\/www.riftrust.com\/tr\/ulke-erisim-araci\/#breadcrumb","itemListElement":[{"@type":"ListItem","position":1,"name":"Home","item":"https:\/\/www.riftrust.com\/tr\/ev\/"},{"@type":"ListItem","position":2,"name":"\u00dclke Eri\u015fim Arac\u0131"}]},{"@type":"WebSite","@id":"https:\/\/www.riftrust.com\/tr\/#website","url":"https:\/\/www.riftrust.com\/tr\/","name":"RIF Trust","description":"Residency and Citizenship by investment","publisher":{"@id":"https:\/\/www.riftrust.com\/tr\/#organization"},"potentialAction":[{"@type":"SearchAction","target":{"@type":"EntryPoint","urlTemplate":"https:\/\/www.riftrust.com\/tr\/?s={search_term_string}"},"query-input":{"@type":"PropertyValueSpecification","valueRequired":true,"valueName":"search_term_string"}}],"inLanguage":"tr"},{"@type":"Organization","@id":"https:\/\/www.riftrust.com\/tr\/#organization","name":"RIF Trust","url":"https:\/\/www.riftrust.com\/tr\/","logo":{"@type":"ImageObject","inLanguage":"tr","@id":"https:\/\/www.riftrust.com\/tr\/#\/schema\/logo\/image\/","url":"https:\/\/www.riftrust.com\/wp-content\/uploads\/2023\/05\/riftrust-logo.png","contentUrl":"https:\/\/www.riftrust.com\/wp-content\/uploads\/2023\/05\/riftrust-logo.png","width":500,"height":294,"caption":"RIF Trust"},"image":{"@id":"https:\/\/www.riftrust.com\/tr\/#\/schema\/logo\/image\/"},"sameAs":["https:\/\/www.facebook.com\/riftrustllc\/","https:\/\/x.com\/rif_trust","https:\/\/www.instagram.com\/riftrust_citizenship\/"]}]}},"_links":{"self":[{"href":"https:\/\/www.riftrust.com\/tr\/wp-json\/wp\/v2\/pages\/13937","targetHints":{"allow":["GET"]}}],"collection":[{"href":"https:\/\/www.riftrust.com\/tr\/wp-json\/wp\/v2\/pages"}],"about":[{"href":"https:\/\/www.riftrust.com\/tr\/wp-json\/wp\/v2\/types\/page"}],"author":[{"embeddable":true,"href":"https:\/\/www.riftrust.com\/tr\/wp-json\/wp\/v2\/users\/11"}],"replies":[{"embeddable":true,"href":"https:\/\/www.riftrust.com\/tr\/wp-json\/wp\/v2\/comments?post=13937"}],"version-history":[{"count":0,"href":"https:\/\/www.riftrust.com\/tr\/wp-json\/wp\/v2\/pages\/13937\/revisions"}],"wp:attachment":[{"href":"https:\/\/www.riftrust.com\/tr\/wp-json\/wp\/v2\/media?parent=13937"}],"curies":[{"name":"wp","href":"https:\/\/api.w.org\/{rel}","templated":true}]}}