{"id":25529,"date":"2024-02-06T12:39:41","date_gmt":"2024-02-06T12:39:41","guid":{"rendered":"https:\/\/www.riftrust.com\/cerez-beyani\/"},"modified":"2024-05-14T23:46:12","modified_gmt":"2024-05-14T23:46:12","slug":"cerez-beyani","status":"publish","type":"page","link":"https:\/\/www.riftrust.com\/tr\/cerez-beyani\/","title":{"rendered":"\u00c7erez Beyan\u0131"},"content":{"rendered":"<script\n\t\ttype=\"text\/javascript\"\n\t\tid=\"CookieDeclaration\"\n\t\tsrc=\"https:\/\/consent.cookiebot.com\/c98d50cc-3a39-444e-a505-fb6c07d219cb\/cd.js\"\n\t\tasync><\/script>\n\n","protected":false},"excerpt":{"rendered":"","protected":false},"author":11,"featured_media":0,"parent":0,"menu_order":0,"comment_status":"closed","ping_status":"closed","template":"","meta":{"_acf_changed":false,"footnotes":"","_wp_rev_ctl_limit":""},"class_list":["post-25529","page","type-page","status-publish","hentry"],"acf":[],"yoast_head":"<!-- This site is optimized with the Yoast SEO Premium plugin v23.4 (Yoast SEO v27.4) - https:\/\/yoast.com\/product\/yoast-seo-premium-wordpress\/ -->\n<title>\u00c7erez Beyan\u0131 - RIF Trust<\/title>\n<meta name=\"description\" content=\"Kulland\u0131\u011f\u0131m\u0131z \u00e7erezler, ne i\u00e7in kullan\u0131ld\u0131klar\u0131 ve daha fazlas\u0131 hakk\u0131nda ayr\u0131nt\u0131lar i\u00e7eren RIF Trust \u00c7erez Beyan\u0131n\u0131 buradan okuyun.\" \/>\n<meta name=\"robots\" content=\"index, follow, max-snippet:-1, max-image-preview:large, max-video-preview:-1\" \/>\n<link rel=\"canonical\" href=\"https:\/\/www.riftrust.com\/tr\/cerez-beyani\/\" \/>\n<meta property=\"og:locale\" content=\"tr_TR\" \/>\n<meta property=\"og:type\" content=\"article\" \/>\n<meta property=\"og:title\" content=\"\u00c7erez Beyan\u0131\" \/>\n<meta property=\"og:description\" content=\"Kulland\u0131\u011f\u0131m\u0131z \u00e7erezler, ne i\u00e7in kullan\u0131ld\u0131klar\u0131 ve daha fazlas\u0131 hakk\u0131nda ayr\u0131nt\u0131lar i\u00e7eren RIF Trust \u00c7erez Beyan\u0131n\u0131 buradan okuyun.\" \/>\n<meta property=\"og:url\" content=\"https:\/\/www.riftrust.com\/tr\/cerez-beyani\/\" \/>\n<meta property=\"og:site_name\" content=\"RIF Trust\" \/>\n<meta property=\"article:publisher\" content=\"https:\/\/www.facebook.com\/riftrustllc\/\" \/>\n<meta property=\"article:modified_time\" content=\"2024-05-14T23:46:12+00:00\" \/>\n<meta name=\"twitter:card\" content=\"summary_large_image\" \/>\n<meta name=\"twitter:site\" content=\"@rif_trust\" \/>\n<script type=\"application\/ld+json\" class=\"yoast-schema-graph\">{\"@context\":\"https:\\\/\\\/schema.org\",\"@graph\":[{\"@type\":\"WebPage\",\"@id\":\"https:\\\/\\\/www.riftrust.com\\\/tr\\\/cerez-beyani\\\/\",\"url\":\"https:\\\/\\\/www.riftrust.com\\\/tr\\\/cerez-beyani\\\/\",\"name\":\"\u00c7erez Beyan\u0131 - RIF Trust\",\"isPartOf\":{\"@id\":\"https:\\\/\\\/www.riftrust.com\\\/tr\\\/#website\"},\"datePublished\":\"2024-02-06T12:39:41+00:00\",\"dateModified\":\"2024-05-14T23:46:12+00:00\",\"description\":\"Kulland\u0131\u011f\u0131m\u0131z \u00e7erezler, ne i\u00e7in kullan\u0131ld\u0131klar\u0131 ve daha fazlas\u0131 hakk\u0131nda ayr\u0131nt\u0131lar i\u00e7eren RIF Trust \u00c7erez Beyan\u0131n\u0131 buradan okuyun.\",\"breadcrumb\":{\"@id\":\"https:\\\/\\\/www.riftrust.com\\\/tr\\\/cerez-beyani\\\/#breadcrumb\"},\"inLanguage\":\"tr\",\"potentialAction\":[{\"@type\":\"ReadAction\",\"target\":[\"https:\\\/\\\/www.riftrust.com\\\/tr\\\/cerez-beyani\\\/\"]}]},{\"@type\":\"BreadcrumbList\",\"@id\":\"https:\\\/\\\/www.riftrust.com\\\/tr\\\/cerez-beyani\\\/#breadcrumb\",\"itemListElement\":[{\"@type\":\"ListItem\",\"position\":1,\"name\":\"Home\",\"item\":\"https:\\\/\\\/www.riftrust.com\\\/tr\\\/ev\\\/\"},{\"@type\":\"ListItem\",\"position\":2,\"name\":\"\u00c7erez Beyan\u0131\"}]},{\"@type\":\"WebSite\",\"@id\":\"https:\\\/\\\/www.riftrust.com\\\/tr\\\/#website\",\"url\":\"https:\\\/\\\/www.riftrust.com\\\/tr\\\/\",\"name\":\"RIF Trust\",\"description\":\"Residency and Citizenship by investment\",\"publisher\":{\"@id\":\"https:\\\/\\\/www.riftrust.com\\\/tr\\\/#organization\"},\"potentialAction\":[{\"@type\":\"SearchAction\",\"target\":{\"@type\":\"EntryPoint\",\"urlTemplate\":\"https:\\\/\\\/www.riftrust.com\\\/tr\\\/?s={search_term_string}\"},\"query-input\":{\"@type\":\"PropertyValueSpecification\",\"valueRequired\":true,\"valueName\":\"search_term_string\"}}],\"inLanguage\":\"tr\"},{\"@type\":\"Organization\",\"@id\":\"https:\\\/\\\/www.riftrust.com\\\/tr\\\/#organization\",\"name\":\"RIF Trust\",\"url\":\"https:\\\/\\\/www.riftrust.com\\\/tr\\\/\",\"logo\":{\"@type\":\"ImageObject\",\"inLanguage\":\"tr\",\"@id\":\"https:\\\/\\\/www.riftrust.com\\\/tr\\\/#\\\/schema\\\/logo\\\/image\\\/\",\"url\":\"https:\\\/\\\/www.riftrust.com\\\/wp-content\\\/uploads\\\/2023\\\/05\\\/riftrust-logo.png\",\"contentUrl\":\"https:\\\/\\\/www.riftrust.com\\\/wp-content\\\/uploads\\\/2023\\\/05\\\/riftrust-logo.png\",\"width\":500,\"height\":294,\"caption\":\"RIF Trust\"},\"image\":{\"@id\":\"https:\\\/\\\/www.riftrust.com\\\/tr\\\/#\\\/schema\\\/logo\\\/image\\\/\"},\"sameAs\":[\"https:\\\/\\\/www.facebook.com\\\/riftrustllc\\\/\",\"https:\\\/\\\/x.com\\\/rif_trust\",\"https:\\\/\\\/www.instagram.com\\\/riftrust_citizenship\\\/\"]}]}<\/script>\n<!-- \/ Yoast SEO Premium plugin. -->","yoast_head_json":{"title":"\u00c7erez Beyan\u0131 - RIF Trust","description":"Kulland\u0131\u011f\u0131m\u0131z \u00e7erezler, ne i\u00e7in kullan\u0131ld\u0131klar\u0131 ve daha fazlas\u0131 hakk\u0131nda ayr\u0131nt\u0131lar i\u00e7eren RIF Trust \u00c7erez Beyan\u0131n\u0131 buradan okuyun.","robots":{"index":"index","follow":"follow","max-snippet":"max-snippet:-1","max-image-preview":"max-image-preview:large","max-video-preview":"max-video-preview:-1"},"canonical":"https:\/\/www.riftrust.com\/tr\/cerez-beyani\/","og_locale":"tr_TR","og_type":"article","og_title":"\u00c7erez Beyan\u0131","og_description":"Kulland\u0131\u011f\u0131m\u0131z \u00e7erezler, ne i\u00e7in kullan\u0131ld\u0131klar\u0131 ve daha fazlas\u0131 hakk\u0131nda ayr\u0131nt\u0131lar i\u00e7eren RIF Trust \u00c7erez Beyan\u0131n\u0131 buradan okuyun.","og_url":"https:\/\/www.riftrust.com\/tr\/cerez-beyani\/","og_site_name":"RIF Trust","article_publisher":"https:\/\/www.facebook.com\/riftrustllc\/","article_modified_time":"2024-05-14T23:46:12+00:00","twitter_card":"summary_large_image","twitter_site":"@rif_trust","schema":{"@context":"https:\/\/schema.org","@graph":[{"@type":"WebPage","@id":"https:\/\/www.riftrust.com\/tr\/cerez-beyani\/","url":"https:\/\/www.riftrust.com\/tr\/cerez-beyani\/","name":"\u00c7erez Beyan\u0131 - RIF Trust","isPartOf":{"@id":"https:\/\/www.riftrust.com\/tr\/#website"},"datePublished":"2024-02-06T12:39:41+00:00","dateModified":"2024-05-14T23:46:12+00:00","description":"Kulland\u0131\u011f\u0131m\u0131z \u00e7erezler, ne i\u00e7in kullan\u0131ld\u0131klar\u0131 ve daha fazlas\u0131 hakk\u0131nda ayr\u0131nt\u0131lar i\u00e7eren RIF Trust \u00c7erez Beyan\u0131n\u0131 buradan okuyun.","breadcrumb":{"@id":"https:\/\/www.riftrust.com\/tr\/cerez-beyani\/#breadcrumb"},"inLanguage":"tr","potentialAction":[{"@type":"ReadAction","target":["https:\/\/www.riftrust.com\/tr\/cerez-beyani\/"]}]},{"@type":"BreadcrumbList","@id":"https:\/\/www.riftrust.com\/tr\/cerez-beyani\/#breadcrumb","itemListElement":[{"@type":"ListItem","position":1,"name":"Home","item":"https:\/\/www.riftrust.com\/tr\/ev\/"},{"@type":"ListItem","position":2,"name":"\u00c7erez Beyan\u0131"}]},{"@type":"WebSite","@id":"https:\/\/www.riftrust.com\/tr\/#website","url":"https:\/\/www.riftrust.com\/tr\/","name":"RIF Trust","description":"Residency and Citizenship by investment","publisher":{"@id":"https:\/\/www.riftrust.com\/tr\/#organization"},"potentialAction":[{"@type":"SearchAction","target":{"@type":"EntryPoint","urlTemplate":"https:\/\/www.riftrust.com\/tr\/?s={search_term_string}"},"query-input":{"@type":"PropertyValueSpecification","valueRequired":true,"valueName":"search_term_string"}}],"inLanguage":"tr"},{"@type":"Organization","@id":"https:\/\/www.riftrust.com\/tr\/#organization","name":"RIF Trust","url":"https:\/\/www.riftrust.com\/tr\/","logo":{"@type":"ImageObject","inLanguage":"tr","@id":"https:\/\/www.riftrust.com\/tr\/#\/schema\/logo\/image\/","url":"https:\/\/www.riftrust.com\/wp-content\/uploads\/2023\/05\/riftrust-logo.png","contentUrl":"https:\/\/www.riftrust.com\/wp-content\/uploads\/2023\/05\/riftrust-logo.png","width":500,"height":294,"caption":"RIF Trust"},"image":{"@id":"https:\/\/www.riftrust.com\/tr\/#\/schema\/logo\/image\/"},"sameAs":["https:\/\/www.facebook.com\/riftrustllc\/","https:\/\/x.com\/rif_trust","https:\/\/www.instagram.com\/riftrust_citizenship\/"]}]}},"_links":{"self":[{"href":"https:\/\/www.riftrust.com\/tr\/wp-json\/wp\/v2\/pages\/25529","targetHints":{"allow":["GET"]}}],"collection":[{"href":"https:\/\/www.riftrust.com\/tr\/wp-json\/wp\/v2\/pages"}],"about":[{"href":"https:\/\/www.riftrust.com\/tr\/wp-json\/wp\/v2\/types\/page"}],"author":[{"embeddable":true,"href":"https:\/\/www.riftrust.com\/tr\/wp-json\/wp\/v2\/users\/11"}],"replies":[{"embeddable":true,"href":"https:\/\/www.riftrust.com\/tr\/wp-json\/wp\/v2\/comments?post=25529"}],"version-history":[{"count":0,"href":"https:\/\/www.riftrust.com\/tr\/wp-json\/wp\/v2\/pages\/25529\/revisions"}],"wp:attachment":[{"href":"https:\/\/www.riftrust.com\/tr\/wp-json\/wp\/v2\/media?parent=25529"}],"curies":[{"name":"wp","href":"https:\/\/api.w.org\/{rel}","templated":true}]}}