{"id":8297,"date":"2023-03-17T06:09:04","date_gmt":"2023-03-17T06:09:04","guid":{"rendered":"https:\/\/riftrust.com\/yatirim-yoluyla-vatandaslik\/"},"modified":"2025-01-28T11:12:50","modified_gmt":"2025-01-28T11:12:50","slug":"yatirim-yoluyla-vatandaslik","status":"publish","type":"page","link":"https:\/\/www.riftrust.com\/tr\/yatirim-yoluyla-vatandaslik\/","title":{"rendered":"Yat\u0131r\u0131m Yoluyla Vatanda\u015fl\u0131k"},"content":{"rendered":"","protected":false},"excerpt":{"rendered":"","protected":false},"author":11,"featured_media":0,"parent":0,"menu_order":0,"comment_status":"closed","ping_status":"closed","template":"template-citizenship-by-investment.php","meta":{"_acf_changed":false,"footnotes":"","_wp_rev_ctl_limit":""},"class_list":["post-8297","page","type-page","status-publish","hentry"],"acf":[],"yoast_head":"<!-- This site is optimized with the Yoast SEO Premium plugin v23.4 (Yoast SEO v27.3) - https:\/\/yoast.com\/product\/yoast-seo-premium-wordpress\/ -->\n<title>Yat\u0131r\u0131m Yoluyla Vatanda\u015fl\u0131k - RIF Trust<\/title>\n<meta name=\"description\" content=\"Hangi Yat\u0131r\u0131m Yoluyla Vatanda\u015fl\u0131k (CBI) program\u0131 sizin i\u00e7in do\u011fru? Yat\u0131r\u0131m g\u00f6\u00e7\u00fc uzmanlar\u0131 RIF Trust ile \u00f6zg\u00fcrce seyahat edin ve daha iyi ya\u015fay\u0131n.\" \/>\n<meta name=\"robots\" content=\"index, follow, max-snippet:-1, max-image-preview:large, max-video-preview:-1\" \/>\n<link rel=\"canonical\" href=\"https:\/\/www.riftrust.com\/tr\/yatirim-yoluyla-vatandaslik\/\" \/>\n<meta property=\"og:locale\" content=\"tr_TR\" \/>\n<meta property=\"og:type\" content=\"article\" \/>\n<meta property=\"og:title\" content=\"Yat\u0131r\u0131m Yoluyla Vatanda\u015fl\u0131k\" \/>\n<meta property=\"og:description\" content=\"Hangi Yat\u0131r\u0131m Yoluyla Vatanda\u015fl\u0131k (CBI) program\u0131 sizin i\u00e7in do\u011fru? Yat\u0131r\u0131m g\u00f6\u00e7\u00fc uzmanlar\u0131 RIF Trust ile \u00f6zg\u00fcrce seyahat edin ve daha iyi ya\u015fay\u0131n.\" \/>\n<meta property=\"og:url\" content=\"https:\/\/www.riftrust.com\/tr\/yatirim-yoluyla-vatandaslik\/\" \/>\n<meta property=\"og:site_name\" content=\"RIF Trust\" \/>\n<meta property=\"article:publisher\" content=\"https:\/\/www.facebook.com\/riftrustllc\/\" \/>\n<meta property=\"article:modified_time\" content=\"2025-01-28T11:12:50+00:00\" \/>\n<meta name=\"twitter:card\" content=\"summary_large_image\" \/>\n<meta name=\"twitter:site\" content=\"@rif_trust\" \/>\n<script type=\"application\/ld+json\" class=\"yoast-schema-graph\">{\"@context\":\"https:\\\/\\\/schema.org\",\"@graph\":[{\"@type\":\"WebPage\",\"@id\":\"https:\\\/\\\/www.riftrust.com\\\/tr\\\/yatirim-yoluyla-vatandaslik\\\/\",\"url\":\"https:\\\/\\\/www.riftrust.com\\\/tr\\\/yatirim-yoluyla-vatandaslik\\\/\",\"name\":\"Yat\u0131r\u0131m Yoluyla Vatanda\u015fl\u0131k - RIF Trust\",\"isPartOf\":{\"@id\":\"https:\\\/\\\/www.riftrust.com\\\/tr\\\/#website\"},\"datePublished\":\"2023-03-17T06:09:04+00:00\",\"dateModified\":\"2025-01-28T11:12:50+00:00\",\"description\":\"Hangi Yat\u0131r\u0131m Yoluyla Vatanda\u015fl\u0131k (CBI) program\u0131 sizin i\u00e7in do\u011fru? Yat\u0131r\u0131m g\u00f6\u00e7\u00fc uzmanlar\u0131 RIF Trust ile \u00f6zg\u00fcrce seyahat edin ve daha iyi ya\u015fay\u0131n.\",\"breadcrumb\":{\"@id\":\"https:\\\/\\\/www.riftrust.com\\\/tr\\\/yatirim-yoluyla-vatandaslik\\\/#breadcrumb\"},\"inLanguage\":\"tr\",\"potentialAction\":[{\"@type\":\"ReadAction\",\"target\":[\"https:\\\/\\\/www.riftrust.com\\\/tr\\\/yatirim-yoluyla-vatandaslik\\\/\"]}]},{\"@type\":\"BreadcrumbList\",\"@id\":\"https:\\\/\\\/www.riftrust.com\\\/tr\\\/yatirim-yoluyla-vatandaslik\\\/#breadcrumb\",\"itemListElement\":[{\"@type\":\"ListItem\",\"position\":1,\"name\":\"Home\",\"item\":\"https:\\\/\\\/www.riftrust.com\\\/tr\\\/ev\\\/\"},{\"@type\":\"ListItem\",\"position\":2,\"name\":\"Yat\u0131r\u0131m Yoluyla Vatanda\u015fl\u0131k\"}]},{\"@type\":\"WebSite\",\"@id\":\"https:\\\/\\\/www.riftrust.com\\\/tr\\\/#website\",\"url\":\"https:\\\/\\\/www.riftrust.com\\\/tr\\\/\",\"name\":\"RIF Trust\",\"description\":\"Residency and Citizenship by investment\",\"publisher\":{\"@id\":\"https:\\\/\\\/www.riftrust.com\\\/tr\\\/#organization\"},\"potentialAction\":[{\"@type\":\"SearchAction\",\"target\":{\"@type\":\"EntryPoint\",\"urlTemplate\":\"https:\\\/\\\/www.riftrust.com\\\/tr\\\/?s={search_term_string}\"},\"query-input\":{\"@type\":\"PropertyValueSpecification\",\"valueRequired\":true,\"valueName\":\"search_term_string\"}}],\"inLanguage\":\"tr\"},{\"@type\":\"Organization\",\"@id\":\"https:\\\/\\\/www.riftrust.com\\\/tr\\\/#organization\",\"name\":\"RIF Trust\",\"url\":\"https:\\\/\\\/www.riftrust.com\\\/tr\\\/\",\"logo\":{\"@type\":\"ImageObject\",\"inLanguage\":\"tr\",\"@id\":\"https:\\\/\\\/www.riftrust.com\\\/tr\\\/#\\\/schema\\\/logo\\\/image\\\/\",\"url\":\"https:\\\/\\\/www.riftrust.com\\\/wp-content\\\/uploads\\\/2023\\\/05\\\/riftrust-logo.png\",\"contentUrl\":\"https:\\\/\\\/www.riftrust.com\\\/wp-content\\\/uploads\\\/2023\\\/05\\\/riftrust-logo.png\",\"width\":500,\"height\":294,\"caption\":\"RIF Trust\"},\"image\":{\"@id\":\"https:\\\/\\\/www.riftrust.com\\\/tr\\\/#\\\/schema\\\/logo\\\/image\\\/\"},\"sameAs\":[\"https:\\\/\\\/www.facebook.com\\\/riftrustllc\\\/\",\"https:\\\/\\\/x.com\\\/rif_trust\",\"https:\\\/\\\/www.instagram.com\\\/riftrust_citizenship\\\/\"]}]}<\/script>\n<!-- \/ Yoast SEO Premium plugin. -->","yoast_head_json":{"title":"Yat\u0131r\u0131m Yoluyla Vatanda\u015fl\u0131k - RIF Trust","description":"Hangi Yat\u0131r\u0131m Yoluyla Vatanda\u015fl\u0131k (CBI) program\u0131 sizin i\u00e7in do\u011fru? Yat\u0131r\u0131m g\u00f6\u00e7\u00fc uzmanlar\u0131 RIF Trust ile \u00f6zg\u00fcrce seyahat edin ve daha iyi ya\u015fay\u0131n.","robots":{"index":"index","follow":"follow","max-snippet":"max-snippet:-1","max-image-preview":"max-image-preview:large","max-video-preview":"max-video-preview:-1"},"canonical":"https:\/\/www.riftrust.com\/tr\/yatirim-yoluyla-vatandaslik\/","og_locale":"tr_TR","og_type":"article","og_title":"Yat\u0131r\u0131m Yoluyla Vatanda\u015fl\u0131k","og_description":"Hangi Yat\u0131r\u0131m Yoluyla Vatanda\u015fl\u0131k (CBI) program\u0131 sizin i\u00e7in do\u011fru? Yat\u0131r\u0131m g\u00f6\u00e7\u00fc uzmanlar\u0131 RIF Trust ile \u00f6zg\u00fcrce seyahat edin ve daha iyi ya\u015fay\u0131n.","og_url":"https:\/\/www.riftrust.com\/tr\/yatirim-yoluyla-vatandaslik\/","og_site_name":"RIF Trust","article_publisher":"https:\/\/www.facebook.com\/riftrustllc\/","article_modified_time":"2025-01-28T11:12:50+00:00","twitter_card":"summary_large_image","twitter_site":"@rif_trust","schema":{"@context":"https:\/\/schema.org","@graph":[{"@type":"WebPage","@id":"https:\/\/www.riftrust.com\/tr\/yatirim-yoluyla-vatandaslik\/","url":"https:\/\/www.riftrust.com\/tr\/yatirim-yoluyla-vatandaslik\/","name":"Yat\u0131r\u0131m Yoluyla Vatanda\u015fl\u0131k - RIF Trust","isPartOf":{"@id":"https:\/\/www.riftrust.com\/tr\/#website"},"datePublished":"2023-03-17T06:09:04+00:00","dateModified":"2025-01-28T11:12:50+00:00","description":"Hangi Yat\u0131r\u0131m Yoluyla Vatanda\u015fl\u0131k (CBI) program\u0131 sizin i\u00e7in do\u011fru? Yat\u0131r\u0131m g\u00f6\u00e7\u00fc uzmanlar\u0131 RIF Trust ile \u00f6zg\u00fcrce seyahat edin ve daha iyi ya\u015fay\u0131n.","breadcrumb":{"@id":"https:\/\/www.riftrust.com\/tr\/yatirim-yoluyla-vatandaslik\/#breadcrumb"},"inLanguage":"tr","potentialAction":[{"@type":"ReadAction","target":["https:\/\/www.riftrust.com\/tr\/yatirim-yoluyla-vatandaslik\/"]}]},{"@type":"BreadcrumbList","@id":"https:\/\/www.riftrust.com\/tr\/yatirim-yoluyla-vatandaslik\/#breadcrumb","itemListElement":[{"@type":"ListItem","position":1,"name":"Home","item":"https:\/\/www.riftrust.com\/tr\/ev\/"},{"@type":"ListItem","position":2,"name":"Yat\u0131r\u0131m Yoluyla Vatanda\u015fl\u0131k"}]},{"@type":"WebSite","@id":"https:\/\/www.riftrust.com\/tr\/#website","url":"https:\/\/www.riftrust.com\/tr\/","name":"RIF Trust","description":"Residency and Citizenship by investment","publisher":{"@id":"https:\/\/www.riftrust.com\/tr\/#organization"},"potentialAction":[{"@type":"SearchAction","target":{"@type":"EntryPoint","urlTemplate":"https:\/\/www.riftrust.com\/tr\/?s={search_term_string}"},"query-input":{"@type":"PropertyValueSpecification","valueRequired":true,"valueName":"search_term_string"}}],"inLanguage":"tr"},{"@type":"Organization","@id":"https:\/\/www.riftrust.com\/tr\/#organization","name":"RIF Trust","url":"https:\/\/www.riftrust.com\/tr\/","logo":{"@type":"ImageObject","inLanguage":"tr","@id":"https:\/\/www.riftrust.com\/tr\/#\/schema\/logo\/image\/","url":"https:\/\/www.riftrust.com\/wp-content\/uploads\/2023\/05\/riftrust-logo.png","contentUrl":"https:\/\/www.riftrust.com\/wp-content\/uploads\/2023\/05\/riftrust-logo.png","width":500,"height":294,"caption":"RIF Trust"},"image":{"@id":"https:\/\/www.riftrust.com\/tr\/#\/schema\/logo\/image\/"},"sameAs":["https:\/\/www.facebook.com\/riftrustllc\/","https:\/\/x.com\/rif_trust","https:\/\/www.instagram.com\/riftrust_citizenship\/"]}]}},"_links":{"self":[{"href":"https:\/\/www.riftrust.com\/tr\/wp-json\/wp\/v2\/pages\/8297","targetHints":{"allow":["GET"]}}],"collection":[{"href":"https:\/\/www.riftrust.com\/tr\/wp-json\/wp\/v2\/pages"}],"about":[{"href":"https:\/\/www.riftrust.com\/tr\/wp-json\/wp\/v2\/types\/page"}],"author":[{"embeddable":true,"href":"https:\/\/www.riftrust.com\/tr\/wp-json\/wp\/v2\/users\/11"}],"replies":[{"embeddable":true,"href":"https:\/\/www.riftrust.com\/tr\/wp-json\/wp\/v2\/comments?post=8297"}],"version-history":[{"count":0,"href":"https:\/\/www.riftrust.com\/tr\/wp-json\/wp\/v2\/pages\/8297\/revisions"}],"wp:attachment":[{"href":"https:\/\/www.riftrust.com\/tr\/wp-json\/wp\/v2\/media?parent=8297"}],"curies":[{"name":"wp","href":"https:\/\/api.w.org\/{rel}","templated":true}]}}