{"id":12359,"date":"2023-03-17T11:13:23","date_gmt":"2023-03-17T11:13:23","guid":{"rendered":"https:\/\/riftrust.com\/cu-tru-theo-dau-tu\/canada\/"},"modified":"2025-03-17T16:02:27","modified_gmt":"2025-03-17T16:02:27","slug":"canada","status":"publish","type":"page","link":"https:\/\/www.riftrust.com\/vi\/cu-tru-theo-dau-tu\/canada\/","title":{"rendered":"Canada"},"content":{"rendered":"","protected":false},"excerpt":{"rendered":"","protected":false},"author":11,"featured_media":0,"parent":8309,"menu_order":0,"comment_status":"closed","ping_status":"closed","template":"template-citizenship-child-pages.php","meta":{"_acf_changed":false,"footnotes":"","_wp_rev_ctl_limit":""},"class_list":["post-12359","page","type-page","status-publish","hentry"],"acf":[],"yoast_head":"<!-- This site is optimized with the Yoast SEO Premium plugin v23.4 (Yoast SEO v27.5) - https:\/\/yoast.com\/product\/yoast-seo-premium-wordpress\/ -->\n<title>Visa kh\u1edfi nghi\u1ec7p Canada - RIF Trust<\/title>\n<meta name=\"description\" content=\"Kh\u00e1m ph\u00e1 c\u00e1ch Visa kh\u1edfi nghi\u1ec7p Canada (SUV) h\u1ed7 tr\u1ee3 c\u00e1c doanh nh\u00e2n n\u01b0\u1edbc ngo\u00e0i \u0111\u1ea1t \u0111\u01b0\u1ee3c quy\u1ec1n th\u01b0\u1eddng tr\u00fa t\u1ea1i Canada v\u1edbi RIF Trust.\" \/>\n<meta name=\"robots\" content=\"index, follow, max-snippet:-1, max-image-preview:large, max-video-preview:-1\" \/>\n<link rel=\"canonical\" href=\"https:\/\/www.riftrust.com\/vi\/cu-tru-theo-dau-tu\/canada\/\" \/>\n<meta property=\"og:locale\" content=\"vi_VN\" \/>\n<meta property=\"og:type\" content=\"article\" \/>\n<meta property=\"og:title\" content=\"Canada\" \/>\n<meta property=\"og:description\" content=\"Kh\u00e1m ph\u00e1 c\u00e1ch Visa kh\u1edfi nghi\u1ec7p Canada (SUV) h\u1ed7 tr\u1ee3 c\u00e1c doanh nh\u00e2n n\u01b0\u1edbc ngo\u00e0i \u0111\u1ea1t \u0111\u01b0\u1ee3c quy\u1ec1n th\u01b0\u1eddng tr\u00fa t\u1ea1i Canada v\u1edbi RIF Trust.\" \/>\n<meta property=\"og:url\" content=\"https:\/\/www.riftrust.com\/vi\/cu-tru-theo-dau-tu\/canada\/\" \/>\n<meta property=\"og:site_name\" content=\"RIF Trust\" \/>\n<meta property=\"article:publisher\" content=\"https:\/\/www.facebook.com\/riftrustllc\/\" \/>\n<meta property=\"article:modified_time\" content=\"2025-03-17T16:02:27+00:00\" \/>\n<meta name=\"twitter:card\" content=\"summary_large_image\" \/>\n<meta name=\"twitter:site\" content=\"@rif_trust\" \/>\n<script type=\"application\/ld+json\" class=\"yoast-schema-graph\">{\"@context\":\"https:\\\/\\\/schema.org\",\"@graph\":[{\"@type\":\"WebPage\",\"@id\":\"https:\\\/\\\/www.riftrust.com\\\/vi\\\/cu-tru-theo-dau-tu\\\/canada\\\/\",\"url\":\"https:\\\/\\\/www.riftrust.com\\\/vi\\\/cu-tru-theo-dau-tu\\\/canada\\\/\",\"name\":\"Visa kh\u1edfi nghi\u1ec7p Canada - RIF Trust\",\"isPartOf\":{\"@id\":\"https:\\\/\\\/www.riftrust.com\\\/vi\\\/#website\"},\"datePublished\":\"2023-03-17T11:13:23+00:00\",\"dateModified\":\"2025-03-17T16:02:27+00:00\",\"description\":\"Kh\u00e1m ph\u00e1 c\u00e1ch Visa kh\u1edfi nghi\u1ec7p Canada (SUV) h\u1ed7 tr\u1ee3 c\u00e1c doanh nh\u00e2n n\u01b0\u1edbc ngo\u00e0i \u0111\u1ea1t \u0111\u01b0\u1ee3c quy\u1ec1n th\u01b0\u1eddng tr\u00fa t\u1ea1i Canada v\u1edbi RIF Trust.\",\"breadcrumb\":{\"@id\":\"https:\\\/\\\/www.riftrust.com\\\/vi\\\/cu-tru-theo-dau-tu\\\/canada\\\/#breadcrumb\"},\"inLanguage\":\"vi-VN\",\"potentialAction\":[{\"@type\":\"ReadAction\",\"target\":[\"https:\\\/\\\/www.riftrust.com\\\/vi\\\/cu-tru-theo-dau-tu\\\/canada\\\/\"]}]},{\"@type\":\"BreadcrumbList\",\"@id\":\"https:\\\/\\\/www.riftrust.com\\\/vi\\\/cu-tru-theo-dau-tu\\\/canada\\\/#breadcrumb\",\"itemListElement\":[{\"@type\":\"ListItem\",\"position\":1,\"name\":\"Home\",\"item\":\"https:\\\/\\\/www.riftrust.com\\\/vi\\\/nha\\\/\"},{\"@type\":\"ListItem\",\"position\":2,\"name\":\"C\u01b0 tr\u00fa theo \u0111\u1ea7u t\u01b0\",\"item\":\"https:\\\/\\\/www.riftrust.com\\\/vi\\\/cu-tru-theo-dau-tu\\\/\"},{\"@type\":\"ListItem\",\"position\":3,\"name\":\"Canada\"}]},{\"@type\":\"WebSite\",\"@id\":\"https:\\\/\\\/www.riftrust.com\\\/vi\\\/#website\",\"url\":\"https:\\\/\\\/www.riftrust.com\\\/vi\\\/\",\"name\":\"RIF Trust\",\"description\":\"Residency and Citizenship by investment\",\"publisher\":{\"@id\":\"https:\\\/\\\/www.riftrust.com\\\/vi\\\/#organization\"},\"potentialAction\":[{\"@type\":\"SearchAction\",\"target\":{\"@type\":\"EntryPoint\",\"urlTemplate\":\"https:\\\/\\\/www.riftrust.com\\\/vi\\\/?s={search_term_string}\"},\"query-input\":{\"@type\":\"PropertyValueSpecification\",\"valueRequired\":true,\"valueName\":\"search_term_string\"}}],\"inLanguage\":\"vi-VN\"},{\"@type\":\"Organization\",\"@id\":\"https:\\\/\\\/www.riftrust.com\\\/vi\\\/#organization\",\"name\":\"RIF Trust\",\"url\":\"https:\\\/\\\/www.riftrust.com\\\/vi\\\/\",\"logo\":{\"@type\":\"ImageObject\",\"inLanguage\":\"vi-VN\",\"@id\":\"https:\\\/\\\/www.riftrust.com\\\/vi\\\/#\\\/schema\\\/logo\\\/image\\\/\",\"url\":\"https:\\\/\\\/www.riftrust.com\\\/wp-content\\\/uploads\\\/2023\\\/05\\\/riftrust-logo.png\",\"contentUrl\":\"https:\\\/\\\/www.riftrust.com\\\/wp-content\\\/uploads\\\/2023\\\/05\\\/riftrust-logo.png\",\"width\":500,\"height\":294,\"caption\":\"RIF Trust\"},\"image\":{\"@id\":\"https:\\\/\\\/www.riftrust.com\\\/vi\\\/#\\\/schema\\\/logo\\\/image\\\/\"},\"sameAs\":[\"https:\\\/\\\/www.facebook.com\\\/riftrustllc\\\/\",\"https:\\\/\\\/x.com\\\/rif_trust\",\"https:\\\/\\\/www.instagram.com\\\/riftrust_citizenship\\\/\"]}]}<\/script>\n<!-- \/ Yoast SEO Premium plugin. -->","yoast_head_json":{"title":"Visa kh\u1edfi nghi\u1ec7p Canada - RIF Trust","description":"Kh\u00e1m ph\u00e1 c\u00e1ch Visa kh\u1edfi nghi\u1ec7p Canada (SUV) h\u1ed7 tr\u1ee3 c\u00e1c doanh nh\u00e2n n\u01b0\u1edbc ngo\u00e0i \u0111\u1ea1t \u0111\u01b0\u1ee3c quy\u1ec1n th\u01b0\u1eddng tr\u00fa t\u1ea1i Canada v\u1edbi RIF Trust.","robots":{"index":"index","follow":"follow","max-snippet":"max-snippet:-1","max-image-preview":"max-image-preview:large","max-video-preview":"max-video-preview:-1"},"canonical":"https:\/\/www.riftrust.com\/vi\/cu-tru-theo-dau-tu\/canada\/","og_locale":"vi_VN","og_type":"article","og_title":"Canada","og_description":"Kh\u00e1m ph\u00e1 c\u00e1ch Visa kh\u1edfi nghi\u1ec7p Canada (SUV) h\u1ed7 tr\u1ee3 c\u00e1c doanh nh\u00e2n n\u01b0\u1edbc ngo\u00e0i \u0111\u1ea1t \u0111\u01b0\u1ee3c quy\u1ec1n th\u01b0\u1eddng tr\u00fa t\u1ea1i Canada v\u1edbi RIF Trust.","og_url":"https:\/\/www.riftrust.com\/vi\/cu-tru-theo-dau-tu\/canada\/","og_site_name":"RIF Trust","article_publisher":"https:\/\/www.facebook.com\/riftrustllc\/","article_modified_time":"2025-03-17T16:02:27+00:00","twitter_card":"summary_large_image","twitter_site":"@rif_trust","schema":{"@context":"https:\/\/schema.org","@graph":[{"@type":"WebPage","@id":"https:\/\/www.riftrust.com\/vi\/cu-tru-theo-dau-tu\/canada\/","url":"https:\/\/www.riftrust.com\/vi\/cu-tru-theo-dau-tu\/canada\/","name":"Visa kh\u1edfi nghi\u1ec7p Canada - RIF Trust","isPartOf":{"@id":"https:\/\/www.riftrust.com\/vi\/#website"},"datePublished":"2023-03-17T11:13:23+00:00","dateModified":"2025-03-17T16:02:27+00:00","description":"Kh\u00e1m ph\u00e1 c\u00e1ch Visa kh\u1edfi nghi\u1ec7p Canada (SUV) h\u1ed7 tr\u1ee3 c\u00e1c doanh nh\u00e2n n\u01b0\u1edbc ngo\u00e0i \u0111\u1ea1t \u0111\u01b0\u1ee3c quy\u1ec1n th\u01b0\u1eddng tr\u00fa t\u1ea1i Canada v\u1edbi RIF Trust.","breadcrumb":{"@id":"https:\/\/www.riftrust.com\/vi\/cu-tru-theo-dau-tu\/canada\/#breadcrumb"},"inLanguage":"vi-VN","potentialAction":[{"@type":"ReadAction","target":["https:\/\/www.riftrust.com\/vi\/cu-tru-theo-dau-tu\/canada\/"]}]},{"@type":"BreadcrumbList","@id":"https:\/\/www.riftrust.com\/vi\/cu-tru-theo-dau-tu\/canada\/#breadcrumb","itemListElement":[{"@type":"ListItem","position":1,"name":"Home","item":"https:\/\/www.riftrust.com\/vi\/nha\/"},{"@type":"ListItem","position":2,"name":"C\u01b0 tr\u00fa theo \u0111\u1ea7u t\u01b0","item":"https:\/\/www.riftrust.com\/vi\/cu-tru-theo-dau-tu\/"},{"@type":"ListItem","position":3,"name":"Canada"}]},{"@type":"WebSite","@id":"https:\/\/www.riftrust.com\/vi\/#website","url":"https:\/\/www.riftrust.com\/vi\/","name":"RIF Trust","description":"Residency and Citizenship by investment","publisher":{"@id":"https:\/\/www.riftrust.com\/vi\/#organization"},"potentialAction":[{"@type":"SearchAction","target":{"@type":"EntryPoint","urlTemplate":"https:\/\/www.riftrust.com\/vi\/?s={search_term_string}"},"query-input":{"@type":"PropertyValueSpecification","valueRequired":true,"valueName":"search_term_string"}}],"inLanguage":"vi-VN"},{"@type":"Organization","@id":"https:\/\/www.riftrust.com\/vi\/#organization","name":"RIF Trust","url":"https:\/\/www.riftrust.com\/vi\/","logo":{"@type":"ImageObject","inLanguage":"vi-VN","@id":"https:\/\/www.riftrust.com\/vi\/#\/schema\/logo\/image\/","url":"https:\/\/www.riftrust.com\/wp-content\/uploads\/2023\/05\/riftrust-logo.png","contentUrl":"https:\/\/www.riftrust.com\/wp-content\/uploads\/2023\/05\/riftrust-logo.png","width":500,"height":294,"caption":"RIF Trust"},"image":{"@id":"https:\/\/www.riftrust.com\/vi\/#\/schema\/logo\/image\/"},"sameAs":["https:\/\/www.facebook.com\/riftrustllc\/","https:\/\/x.com\/rif_trust","https:\/\/www.instagram.com\/riftrust_citizenship\/"]}]}},"_links":{"self":[{"href":"https:\/\/www.riftrust.com\/vi\/wp-json\/wp\/v2\/pages\/12359","targetHints":{"allow":["GET"]}}],"collection":[{"href":"https:\/\/www.riftrust.com\/vi\/wp-json\/wp\/v2\/pages"}],"about":[{"href":"https:\/\/www.riftrust.com\/vi\/wp-json\/wp\/v2\/types\/page"}],"author":[{"embeddable":true,"href":"https:\/\/www.riftrust.com\/vi\/wp-json\/wp\/v2\/users\/11"}],"replies":[{"embeddable":true,"href":"https:\/\/www.riftrust.com\/vi\/wp-json\/wp\/v2\/comments?post=12359"}],"version-history":[{"count":0,"href":"https:\/\/www.riftrust.com\/vi\/wp-json\/wp\/v2\/pages\/12359\/revisions"}],"up":[{"embeddable":true,"href":"https:\/\/www.riftrust.com\/vi\/wp-json\/wp\/v2\/pages\/8309"}],"wp:attachment":[{"href":"https:\/\/www.riftrust.com\/vi\/wp-json\/wp\/v2\/media?parent=12359"}],"curies":[{"name":"wp","href":"https:\/\/api.w.org\/{rel}","templated":true}]}}