{"id":8305,"date":"2023-03-17T06:09:04","date_gmt":"2023-03-17T06:09:04","guid":{"rendered":"https:\/\/riftrust.com\/quyen-cong-dan-thong-qua-dau-tu\/"},"modified":"2025-01-28T11:12:53","modified_gmt":"2025-01-28T11:12:53","slug":"quyen-cong-dan-thong-qua-dau-tu","status":"publish","type":"page","link":"https:\/\/www.riftrust.com\/vi\/quyen-cong-dan-thong-qua-dau-tu\/","title":{"rendered":"Quy\u1ec1n c\u00f4ng d\u00e2n th\u00f4ng qua \u0111\u1ea7u t\u01b0"},"content":{"rendered":"","protected":false},"excerpt":{"rendered":"","protected":false},"author":11,"featured_media":0,"parent":0,"menu_order":0,"comment_status":"closed","ping_status":"closed","template":"template-citizenship-by-investment.php","meta":{"_acf_changed":false,"footnotes":"","_wp_rev_ctl_limit":""},"class_list":["post-8305","page","type-page","status-publish","hentry"],"acf":[],"yoast_head":"<!-- This site is optimized with the Yoast SEO Premium plugin v23.4 (Yoast SEO v27.4) - https:\/\/yoast.com\/product\/yoast-seo-premium-wordpress\/ -->\n<title>Quy\u1ec1n c\u00f4ng d\u00e2n th\u00f4ng qua \u0111\u1ea7u t\u01b0 - RIF Trust<\/title>\n<meta name=\"description\" content=\"Ch\u01b0\u01a1ng tr\u00ecnh \u0110\u1ea7u t\u01b0 Nh\u1eadp t\u1ecbch (CBI) n\u00e0o ph\u00f9 h\u1ee3p v\u1edbi b\u1ea1n? Du l\u1ecbch mi\u1ec5n ph\u00ed v\u00e0 s\u1ed1ng t\u1ed1t h\u01a1n v\u1edbi c\u00e1c chuy\u00ean gia di c\u01b0 \u0111\u1ea7u t\u01b0, RIF Trust.\" \/>\n<meta name=\"robots\" content=\"index, follow, max-snippet:-1, max-image-preview:large, max-video-preview:-1\" \/>\n<link rel=\"canonical\" href=\"https:\/\/www.riftrust.com\/vi\/quyen-cong-dan-thong-qua-dau-tu\/\" \/>\n<meta property=\"og:locale\" content=\"vi_VN\" \/>\n<meta property=\"og:type\" content=\"article\" \/>\n<meta property=\"og:title\" content=\"Quy\u1ec1n c\u00f4ng d\u00e2n th\u00f4ng qua \u0111\u1ea7u t\u01b0\" \/>\n<meta property=\"og:description\" content=\"Ch\u01b0\u01a1ng tr\u00ecnh \u0110\u1ea7u t\u01b0 Nh\u1eadp t\u1ecbch (CBI) n\u00e0o ph\u00f9 h\u1ee3p v\u1edbi b\u1ea1n? Du l\u1ecbch mi\u1ec5n ph\u00ed v\u00e0 s\u1ed1ng t\u1ed1t h\u01a1n v\u1edbi c\u00e1c chuy\u00ean gia di c\u01b0 \u0111\u1ea7u t\u01b0, RIF Trust.\" \/>\n<meta property=\"og:url\" content=\"https:\/\/www.riftrust.com\/vi\/quyen-cong-dan-thong-qua-dau-tu\/\" \/>\n<meta property=\"og:site_name\" content=\"RIF Trust\" \/>\n<meta property=\"article:publisher\" content=\"https:\/\/www.facebook.com\/riftrustllc\/\" \/>\n<meta property=\"article:modified_time\" content=\"2025-01-28T11:12:53+00:00\" \/>\n<meta name=\"twitter:card\" content=\"summary_large_image\" \/>\n<meta name=\"twitter:site\" content=\"@rif_trust\" \/>\n<script type=\"application\/ld+json\" class=\"yoast-schema-graph\">{\"@context\":\"https:\\\/\\\/schema.org\",\"@graph\":[{\"@type\":\"WebPage\",\"@id\":\"https:\\\/\\\/www.riftrust.com\\\/vi\\\/quyen-cong-dan-thong-qua-dau-tu\\\/\",\"url\":\"https:\\\/\\\/www.riftrust.com\\\/vi\\\/quyen-cong-dan-thong-qua-dau-tu\\\/\",\"name\":\"Quy\u1ec1n c\u00f4ng d\u00e2n th\u00f4ng qua \u0111\u1ea7u t\u01b0 - RIF Trust\",\"isPartOf\":{\"@id\":\"https:\\\/\\\/www.riftrust.com\\\/vi\\\/#website\"},\"datePublished\":\"2023-03-17T06:09:04+00:00\",\"dateModified\":\"2025-01-28T11:12:53+00:00\",\"description\":\"Ch\u01b0\u01a1ng tr\u00ecnh \u0110\u1ea7u t\u01b0 Nh\u1eadp t\u1ecbch (CBI) n\u00e0o ph\u00f9 h\u1ee3p v\u1edbi b\u1ea1n? Du l\u1ecbch mi\u1ec5n ph\u00ed v\u00e0 s\u1ed1ng t\u1ed1t h\u01a1n v\u1edbi c\u00e1c chuy\u00ean gia di c\u01b0 \u0111\u1ea7u t\u01b0, RIF Trust.\",\"breadcrumb\":{\"@id\":\"https:\\\/\\\/www.riftrust.com\\\/vi\\\/quyen-cong-dan-thong-qua-dau-tu\\\/#breadcrumb\"},\"inLanguage\":\"vi-VN\",\"potentialAction\":[{\"@type\":\"ReadAction\",\"target\":[\"https:\\\/\\\/www.riftrust.com\\\/vi\\\/quyen-cong-dan-thong-qua-dau-tu\\\/\"]}]},{\"@type\":\"BreadcrumbList\",\"@id\":\"https:\\\/\\\/www.riftrust.com\\\/vi\\\/quyen-cong-dan-thong-qua-dau-tu\\\/#breadcrumb\",\"itemListElement\":[{\"@type\":\"ListItem\",\"position\":1,\"name\":\"Home\",\"item\":\"https:\\\/\\\/www.riftrust.com\\\/vi\\\/nha\\\/\"},{\"@type\":\"ListItem\",\"position\":2,\"name\":\"Quy\u1ec1n c\u00f4ng d\u00e2n th\u00f4ng qua \u0111\u1ea7u t\u01b0\"}]},{\"@type\":\"WebSite\",\"@id\":\"https:\\\/\\\/www.riftrust.com\\\/vi\\\/#website\",\"url\":\"https:\\\/\\\/www.riftrust.com\\\/vi\\\/\",\"name\":\"RIF Trust\",\"description\":\"Residency and Citizenship by investment\",\"publisher\":{\"@id\":\"https:\\\/\\\/www.riftrust.com\\\/vi\\\/#organization\"},\"potentialAction\":[{\"@type\":\"SearchAction\",\"target\":{\"@type\":\"EntryPoint\",\"urlTemplate\":\"https:\\\/\\\/www.riftrust.com\\\/vi\\\/?s={search_term_string}\"},\"query-input\":{\"@type\":\"PropertyValueSpecification\",\"valueRequired\":true,\"valueName\":\"search_term_string\"}}],\"inLanguage\":\"vi-VN\"},{\"@type\":\"Organization\",\"@id\":\"https:\\\/\\\/www.riftrust.com\\\/vi\\\/#organization\",\"name\":\"RIF Trust\",\"url\":\"https:\\\/\\\/www.riftrust.com\\\/vi\\\/\",\"logo\":{\"@type\":\"ImageObject\",\"inLanguage\":\"vi-VN\",\"@id\":\"https:\\\/\\\/www.riftrust.com\\\/vi\\\/#\\\/schema\\\/logo\\\/image\\\/\",\"url\":\"https:\\\/\\\/www.riftrust.com\\\/wp-content\\\/uploads\\\/2023\\\/05\\\/riftrust-logo.png\",\"contentUrl\":\"https:\\\/\\\/www.riftrust.com\\\/wp-content\\\/uploads\\\/2023\\\/05\\\/riftrust-logo.png\",\"width\":500,\"height\":294,\"caption\":\"RIF Trust\"},\"image\":{\"@id\":\"https:\\\/\\\/www.riftrust.com\\\/vi\\\/#\\\/schema\\\/logo\\\/image\\\/\"},\"sameAs\":[\"https:\\\/\\\/www.facebook.com\\\/riftrustllc\\\/\",\"https:\\\/\\\/x.com\\\/rif_trust\",\"https:\\\/\\\/www.instagram.com\\\/riftrust_citizenship\\\/\"]}]}<\/script>\n<!-- \/ Yoast SEO Premium plugin. -->","yoast_head_json":{"title":"Quy\u1ec1n c\u00f4ng d\u00e2n th\u00f4ng qua \u0111\u1ea7u t\u01b0 - RIF Trust","description":"Ch\u01b0\u01a1ng tr\u00ecnh \u0110\u1ea7u t\u01b0 Nh\u1eadp t\u1ecbch (CBI) n\u00e0o ph\u00f9 h\u1ee3p v\u1edbi b\u1ea1n? Du l\u1ecbch mi\u1ec5n ph\u00ed v\u00e0 s\u1ed1ng t\u1ed1t h\u01a1n v\u1edbi c\u00e1c chuy\u00ean gia di c\u01b0 \u0111\u1ea7u t\u01b0, RIF Trust.","robots":{"index":"index","follow":"follow","max-snippet":"max-snippet:-1","max-image-preview":"max-image-preview:large","max-video-preview":"max-video-preview:-1"},"canonical":"https:\/\/www.riftrust.com\/vi\/quyen-cong-dan-thong-qua-dau-tu\/","og_locale":"vi_VN","og_type":"article","og_title":"Quy\u1ec1n c\u00f4ng d\u00e2n th\u00f4ng qua \u0111\u1ea7u t\u01b0","og_description":"Ch\u01b0\u01a1ng tr\u00ecnh \u0110\u1ea7u t\u01b0 Nh\u1eadp t\u1ecbch (CBI) n\u00e0o ph\u00f9 h\u1ee3p v\u1edbi b\u1ea1n? Du l\u1ecbch mi\u1ec5n ph\u00ed v\u00e0 s\u1ed1ng t\u1ed1t h\u01a1n v\u1edbi c\u00e1c chuy\u00ean gia di c\u01b0 \u0111\u1ea7u t\u01b0, RIF Trust.","og_url":"https:\/\/www.riftrust.com\/vi\/quyen-cong-dan-thong-qua-dau-tu\/","og_site_name":"RIF Trust","article_publisher":"https:\/\/www.facebook.com\/riftrustllc\/","article_modified_time":"2025-01-28T11:12:53+00:00","twitter_card":"summary_large_image","twitter_site":"@rif_trust","schema":{"@context":"https:\/\/schema.org","@graph":[{"@type":"WebPage","@id":"https:\/\/www.riftrust.com\/vi\/quyen-cong-dan-thong-qua-dau-tu\/","url":"https:\/\/www.riftrust.com\/vi\/quyen-cong-dan-thong-qua-dau-tu\/","name":"Quy\u1ec1n c\u00f4ng d\u00e2n th\u00f4ng qua \u0111\u1ea7u t\u01b0 - RIF Trust","isPartOf":{"@id":"https:\/\/www.riftrust.com\/vi\/#website"},"datePublished":"2023-03-17T06:09:04+00:00","dateModified":"2025-01-28T11:12:53+00:00","description":"Ch\u01b0\u01a1ng tr\u00ecnh \u0110\u1ea7u t\u01b0 Nh\u1eadp t\u1ecbch (CBI) n\u00e0o ph\u00f9 h\u1ee3p v\u1edbi b\u1ea1n? Du l\u1ecbch mi\u1ec5n ph\u00ed v\u00e0 s\u1ed1ng t\u1ed1t h\u01a1n v\u1edbi c\u00e1c chuy\u00ean gia di c\u01b0 \u0111\u1ea7u t\u01b0, RIF Trust.","breadcrumb":{"@id":"https:\/\/www.riftrust.com\/vi\/quyen-cong-dan-thong-qua-dau-tu\/#breadcrumb"},"inLanguage":"vi-VN","potentialAction":[{"@type":"ReadAction","target":["https:\/\/www.riftrust.com\/vi\/quyen-cong-dan-thong-qua-dau-tu\/"]}]},{"@type":"BreadcrumbList","@id":"https:\/\/www.riftrust.com\/vi\/quyen-cong-dan-thong-qua-dau-tu\/#breadcrumb","itemListElement":[{"@type":"ListItem","position":1,"name":"Home","item":"https:\/\/www.riftrust.com\/vi\/nha\/"},{"@type":"ListItem","position":2,"name":"Quy\u1ec1n c\u00f4ng d\u00e2n th\u00f4ng qua \u0111\u1ea7u t\u01b0"}]},{"@type":"WebSite","@id":"https:\/\/www.riftrust.com\/vi\/#website","url":"https:\/\/www.riftrust.com\/vi\/","name":"RIF Trust","description":"Residency and Citizenship by investment","publisher":{"@id":"https:\/\/www.riftrust.com\/vi\/#organization"},"potentialAction":[{"@type":"SearchAction","target":{"@type":"EntryPoint","urlTemplate":"https:\/\/www.riftrust.com\/vi\/?s={search_term_string}"},"query-input":{"@type":"PropertyValueSpecification","valueRequired":true,"valueName":"search_term_string"}}],"inLanguage":"vi-VN"},{"@type":"Organization","@id":"https:\/\/www.riftrust.com\/vi\/#organization","name":"RIF Trust","url":"https:\/\/www.riftrust.com\/vi\/","logo":{"@type":"ImageObject","inLanguage":"vi-VN","@id":"https:\/\/www.riftrust.com\/vi\/#\/schema\/logo\/image\/","url":"https:\/\/www.riftrust.com\/wp-content\/uploads\/2023\/05\/riftrust-logo.png","contentUrl":"https:\/\/www.riftrust.com\/wp-content\/uploads\/2023\/05\/riftrust-logo.png","width":500,"height":294,"caption":"RIF Trust"},"image":{"@id":"https:\/\/www.riftrust.com\/vi\/#\/schema\/logo\/image\/"},"sameAs":["https:\/\/www.facebook.com\/riftrustllc\/","https:\/\/x.com\/rif_trust","https:\/\/www.instagram.com\/riftrust_citizenship\/"]}]}},"_links":{"self":[{"href":"https:\/\/www.riftrust.com\/vi\/wp-json\/wp\/v2\/pages\/8305","targetHints":{"allow":["GET"]}}],"collection":[{"href":"https:\/\/www.riftrust.com\/vi\/wp-json\/wp\/v2\/pages"}],"about":[{"href":"https:\/\/www.riftrust.com\/vi\/wp-json\/wp\/v2\/types\/page"}],"author":[{"embeddable":true,"href":"https:\/\/www.riftrust.com\/vi\/wp-json\/wp\/v2\/users\/11"}],"replies":[{"embeddable":true,"href":"https:\/\/www.riftrust.com\/vi\/wp-json\/wp\/v2\/comments?post=8305"}],"version-history":[{"count":0,"href":"https:\/\/www.riftrust.com\/vi\/wp-json\/wp\/v2\/pages\/8305\/revisions"}],"wp:attachment":[{"href":"https:\/\/www.riftrust.com\/vi\/wp-json\/wp\/v2\/media?parent=8305"}],"curies":[{"name":"wp","href":"https:\/\/api.w.org\/{rel}","templated":true}]}}